{"id":2805,"date":"2025-04-03T17:59:25","date_gmt":"2025-04-03T17:59:25","guid":{"rendered":"https:\/\/mooselodge.be\/bedingungen-und-konditionen\/"},"modified":"2025-05-20T16:35:56","modified_gmt":"2025-05-20T16:35:56","slug":"bedingungen-und-konditionen","status":"publish","type":"page","link":"https:\/\/mooselodge.be\/de\/bedingungen-und-konditionen\/","title":{"rendered":"Bedingungen und Konditionen"},"content":{"rendered":"\t\t<div data-elementor-type=\"wp-page\" data-elementor-id=\"2805\" class=\"elementor elementor-2805 elementor-628\" data-elementor-post-type=\"page\">\n\t\t\t\t<div class=\"elementor-element elementor-element-78b4cc28 e-flex e-con-boxed e-con e-parent\" data-id=\"78b4cc28\" data-element_type=\"container\" data-e-type=\"container\" data-settings=\"{&quot;jet_parallax_layout_list&quot;:[]}\">\n\t\t\t\t\t<div class=\"e-con-inner\">\n\t\t\t\t<div class=\"elementor-element elementor-element-6a51fa00 elementor-widget elementor-widget-text-editor\" data-id=\"6a51fa00\" data-element_type=\"widget\" data-e-type=\"widget\" data-widget_type=\"text-editor.default\">\n\t\t\t\t<div class=\"elementor-widget-container\">\n\t\t\t\t\t\t\t\t\t\n<p>Mietbedingungen g\u00fcltig von 01-04-2025<\/p>\n\n<p>Daten zur Identifizierung:<\/p>\n\n<p>Moose Lodge ist Eigentum der Kommanditgesellschaft FM Partners mit der Firmennummer 0824.572.452 und Sitz in 3621 Lanaken, Groenplaats 14\/4, eingetragen bei der Crossroads Bank for Enterprises.<\/p>\n\n<p>Kontakt: telefonisch unter 0479-300853, per E-Mail <a href=\"mailto:info@mooselodge.be\">an info@mooselodge.be<\/a> oder <a href=\"mailto:info@fmpartners.be\">info@fmpartners.be<\/a> oder \u00fcber das Kontaktformular unter <a href=\"http:\/\/www.mooselodge.be\">www.mooselodge.be<\/a><\/p>\n\n<p>FM Partners CommV&#8217;s Kontonummer: BE97.1430.9271.7149 BIC-GEBABEBB<\/p>\n\n<p>Sie sind in unserem sorgf\u00e4ltig eingerichteten Ferienhaus herzlich willkommen. Es ist jedoch notwendig, klare Absprachen zu treffen, damit es keine Missverst\u00e4ndnisse gibt und Sie und die G\u00e4ste nach Ihnen das Haus in einem einwandfreien Zustand vorfinden.   <\/p>\n\n<p>Wenn Sie eine Reservierung direkt bei uns, den Eigent\u00fcmern oder \u00fcber eine Vermietungsagentur\/Seite vornehmen, erkl\u00e4ren Sie sich mit den nachstehenden Mietbedingungen einverstanden. Bitte lesen Sie diese sorgf\u00e4ltig durch. Sollte etwas unklar sein oder sollten Sie Fragen haben, kontaktieren Sie uns bitte.  <\/p>\n\n<p><strong>Definitionen<\/strong>:<\/p>\n\n<ul class=\"wp-block-list\">\n<li>Mieter: der Kunde, der ein Ferienhaus mietet.<\/li>\n\n<li>Vermieter: der Eigent\u00fcmer des gemieteten Ferienhauses.<\/li>\n\n<li>Ankunftsdatum: das Datum des Beginns des Aufenthalts in der Unterkunft, wie zwischen Vermieter und Mieter f\u00fcr die jeweilige Buchung vereinbart.<\/li>\n\n<li>Unterkunft: Ferienhaus Moose Lodge, Rue des Renoncules 25, 6940 Barvaux<\/li>\n<\/ul>\n\n<p>Eine Abweichung von diesen Bedingungen ist nur m\u00f6glich, wenn der Vermieter vorher schriftlich zugestimmt hat. In diesem Fall gelten diese allgemeinen Gesch\u00e4ftsbedingungen dennoch erg\u00e4nzend weiter. Der Mieter kann sich also in keinem Fall auf die Anwendung seiner eigenen Bedingungen berufen, wie auch immer diese aussehen m\u00f6gen.  <\/p>\n\n<p>Diese Mietbedingungen unterliegen dem belgischen Recht. Alle Streitigkeiten, die sich aus diesem Vertrag ergeben k\u00f6nnten, fallen unter die ausschlie\u00dfliche Zust\u00e4ndigkeit der belgischen Gerichte. <\/p>\n\n<p><strong>Zahlungsbedingungen:<\/strong><\/p>\n\n<p>Jede Reservierung wird \u00fcber das Zahlungssystem von mollie \u00fcber die Website angefordert. Es ist m\u00f6glich, dass die Reservierung aufgrund von Umst\u00e4nden vom Vermieter storniert wird. Dies wird innerhalb von 24 Stunden angezeigt und der gezahlte Betrag wird dem Mieter sofort zur\u00fcckerstattet. <\/p>\n\n<p>F\u00fcr Reservierungen, die mehr als einen Monat vor dem Anreisedatum get\u00e4tigt werden, ist eine Anzahlung von 30% erforderlich. Der Restbetrag muss sp\u00e4testens 21 Tage vor der Ankunft in voller H\u00f6he gezahlt werden.<\/p>\n\n<p>Bei Buchungen, die weniger als einen Monat vor dem Anreisedatum erfolgen, wird der volle Mietbetrag zuz\u00fcglich der Kaution sofort in Rechnung gestellt.<\/p>\n\n<p>Wenn der Vermieter den Betrag nicht bis 21 Tage im Voraus erhalten hat, beh\u00e4lt sich der Vermieter das Recht vor, die Buchung wegen nicht rechtzeitiger Zahlung zu stornieren. Dies, ohne dass der Mieter eine R\u00fcckerstattung der geleisteten Kaution oder eine Entsch\u00e4digung verlangen kann. <\/p>\n\n<p><strong>Abbrechen:<\/strong><\/p>\n\n<p>Eine Stornierung ist mit Ausnahme der Sommerferien (siehe unten) unter den folgenden Bedingungen m\u00f6glich:<\/p>\n\n<p>  &#8211; bis zu 2 Monate vor Mietbeginn = kostenlos (ausgenommen Dateigeb\u00fchren, siehe unten)<\/p>\n\n<p>  &#8211; bis zu 1 Monat vor dem Starttermin= die 30%ige Anzahlung<\/p>\n\n<p>  &#8211; 1 Monat bis 14 Tage vor dem Starttermin= Stornierungskosten 50% Miete plus Aktengeb\u00fchren<\/p>\n\n<p>  &#8211; 14 Tage vor Mietbeginn= Stornierungskosten voller Mietpreis plus Dateikosten<\/p>\n\n<p><\/p>\n\n<p>  Sommerferien: (immer inklusive Dateikosten)<\/p>\n\n<p>  &#8211; Stornierung vor dem 1. April= Stornogeb\u00fchr 10% der Gesamtmiete  <\/p>\n\n<p>  &#8211; Stornierung zwischen 1. April und 1. Juni= Stornogeb\u00fchr 50% der Miete<\/p>\n\n<p>  &#8211; Stornierung nach dem 1. Juni = Stornogeb\u00fchr 75% der Miete (Betrag auf dem Vertrag) oder<\/p>\n\n<p>  &#8211; 31 Tage vor Beginn des Mietzeitraums = volle Miete ist Stornogeb\u00fchr.<\/p>\n\n<p><\/p>\n\n<p>Um ein &#8222;Reservierungs-Shopping&#8220; zu vermeiden, berechnen wir f\u00fcr jede Stornierung (nach Erhalt des Buchungsbetrags) eine Bearbeitungsgeb\u00fchr von 55\u20ac (Wochenende, Wochenmitte), 75\u20ac (Wochenmiete), bei l\u00e4ngerer Mietdauer 75\u20ac pro Woche.<\/p>\n\n<p>Wenn der Mieter das Ferienhaus nicht nutzt oder es vor Ablauf des Mietzeitraums verl\u00e4sst, findet keine Entsch\u00e4digung statt und der Mieter bleibt f\u00fcr 100% des Gesamtpreises des Aufenthalts haftbar.<\/p>\n\n<p>Wir empfehlen Mietern, eine Reiser\u00fccktrittsversicherung abzuschlie\u00dfen.<\/p>\n\n<p><strong>B\u00fcrgschaft:<\/strong><\/p>\n\n<p>Eine Kaution von 500 \u20ac ist erforderlich.<\/p>\n\n<p>Die Kaution wird innerhalb einer Woche nach dem Aufenthalt zur\u00fcckerstattet, wenn keine Sch\u00e4den festgestellt wurden, abz\u00fcglich dessen, was der Mieter dem Vermieter noch schuldet. Dies sind z.B. die Kosten f\u00fcr Getr\u00e4nke (falls gew\u00fcnscht) und den Kauf von Pflegeprodukten (falls gew\u00fcnscht). <\/p>\n\n<p>Das Ferienhaus wird Sie in tadellosem Zustand empfangen. Sch\u00e4den oder Probleme m\u00fcssen uns vor 24 Stunden am Tag der Ankunft mitgeteilt werden (laut Vertrag). <\/p>\n\n<p>Haben Sie irgendwelche Sch\u00e4den gemacht, Flecken, zerbrochene Gl\u00e4ser, kaputte Schr\u00e4nke, &#8230;.dann m\u00fcssen Sie uns innerhalb Ihres Mietzeitraums dar\u00fcber informieren. Wir werden nach Ihrem Mietzeitraum Kontrollen durchf\u00fchren. Wenn wir einen Schaden entdecken (z.B. Flecken, Risse, Br\u00fcche&#8230;), werden Sie innerhalb von 24 Stunden nach Ihrer Anmietung entweder telefonisch oder \u00fcber andere Medien informiert. Wenn die Kosten die Kaution \u00fcbersteigen, werden die Kosten vom Mieter zur\u00fcckgefordert und die Familienversicherung kann in Anspruch genommen werden. Sch\u00e4den, die so gro\u00df sind, dass die n\u00e4chste Mietzeit nach Ihrer nicht stattfinden kann (z.B. Sofa kaputt, Bett kaputt, Herd kaputt, Tisch kaputt&#8230;.), werden ebenfalls f\u00fcr die Stornierung der n\u00e4chsten Mietzeit in Rechnung gestellt, zusammen mit den Kosten f\u00fcr die Wiederherstellung des Ferienhauses in einen tadellosen Zustand. Sie werden per Einschreiben benachrichtigt.<\/p>\n\n<p>Wir empfehlen unseren Mietern, eine Mietkautionsversicherung abzuschlie\u00dfen, um im Schadensfall die Reparaturkosten zu erstatten. Wenden Sie sich an Ihren eigenen Versicherer, um herauszufinden, ob dies m\u00f6glich ist. <\/p>\n\n<p>\u00fcber Easy Rent von Europ Assistance.<\/p>\n\n<p><strong>Verpflichtungen:<\/strong><\/p>\n\n<p>Die Pflichten des Vermieters:<\/p>\n\n<p>Der Vermieter ist verpflichtet, die Unterkunft wie in der Beschreibung des Ferienhauses angegeben zur Verf\u00fcgung zu stellen. Der Vermieter garantiert, dass das Objekt der Beschreibung auf der Website entspricht und f\u00fcr die angegebene H\u00f6chstzahl von Personen geeignet ist. <\/p>\n\n<p>Der Vermieter garantiert auch den guten Zustand der Instandhaltung, der Sauberkeit und des Betriebs sowie die Tauglichkeit der Immobilie, ihres Inhalts und der Nebengeb\u00e4ude, insbesondere des Gartens, der Au\u00dfenm\u00f6bel und der Sauna.<\/p>\n\n<p>Die Verpflichtungen des Mieters:<\/p>\n\n<p>Der Mieter ist verpflichtet, das Ferienhaus entsprechend seinem Zweck (Erholung) sorgf\u00e4ltig wie ein guter Hauswirt zu nutzen.<\/p>\n\n<p>Der Verdacht auf Missbrauch, Untervermietung oder Nichteinhaltung der Hausordnung (die im Haus zur Einsichtnahme ausliegt) bedeutet die sofortige Beendigung des Vertrags, wobei wir das Recht auf die Kaution zur Entsch\u00e4digung der entstandenen Kosten einbehalten.<\/p>\n\n<p>Der Mieter ist verpflichtet, die Unterkunft p\u00fcnktlich (wie im Vertrag vereinbart) und in demselben Zustand wie zu Beginn des Mietzeitraums zur\u00fcckzugeben.<\/p>\n\n<p><strong>Gruppenzusammensetzung und maximale Kapazit\u00e4t:<\/strong><\/p>\n\n<p>Das Ferienhaus ist haupts\u00e4chlich f\u00fcr Familien- und Freundesgruppen mit maximal 8 Personen gedacht.<\/p>\n\n<p>Das Ferienhaus liegt in einem ruhigen Naturgebiet und ist daher nicht f\u00fcr Gruppen geeignet, die lautstark feiern wollen. Nach 22 Uhr darf auf der Terrasse nicht mehr gel\u00e4rmt werden. <\/p>\n\n<p>Es werden keine Gruppen akzeptiert, die Junggesellenabschiede, Studentenpartys, Saufpartys, Sexpartys,&#8230; veranstalten wollen.<\/p>\n\n<p>Die Zusammensetzung der G\u00e4stegruppe wird vom Mieter in das Buchungsformular eingetragen und vom Vermieter in der Buchungsbest\u00e4tigung best\u00e4tigt. Der Mieter ist zu jeder Zeit verantwortlich <\/p>\n\n<p>f\u00fcr die Zusammensetzung der Gruppe.<\/p>\n\n<p>Wenn Erm\u00e4\u00dfigungen f\u00fcr Aufenthalte von 1-2 Personen oder 3-4 Personen gew\u00e4hrt wurden, werden die anderen Schlafzimmer und B\u00e4der geschlossen. Diese gew\u00e4hrten Rabatte verfallen, wenn mehr Personen als vereinbart bleiben. <\/p>\n\n<p>Aus Gr\u00fcnden des Brandschutzes und der Feuerversicherung darf die Anzahl der Urlauber niemals die maximale Kapazit\u00e4t \u00fcberschreiten. Wenn die maximale Kapazit\u00e4t \u00fcberschritten wird, gilt der Mietvertrag als rechtm\u00e4\u00dfig beendet und der Zugang zum Ferienhaus wird verweigert oder Sie k\u00f6nnen aufgefordert werden, das Ferienhaus zu verlassen, ohne dass Sie ein Recht auf R\u00fcckerstattung oder Entsch\u00e4digung haben. <\/p>\n\n<p><strong>Haustiere<\/strong>:<\/p>\n\n<p>Zwei Haustiere sind in dem Ferienhaus willkommen. Abweichungen von dieser Regel k\u00f6nnen nach R\u00fccksprache und Genehmigung per E-Mail durch den Eigent\u00fcmer erfolgen. Wenn der Eigent\u00fcmer feststellt, dass mehr Haustiere als vereinbart anwesend sind, werden pro zus\u00e4tzlichem Haustier 50 Euro von der Kaution abgezogen.  <\/p>\n\n<p>Der Vermieter erlaubt gerne Haustiere, empf\u00e4ngt aber auch G\u00e4ste ohne Haustiere. Daher werden Hundebesitzer gebeten, ein paar Dinge zu beachten. Wir bitten darum, dass die Haustiere gegen Fl\u00f6he und Zecken behandelt werden.  <\/p>\n\n<p>Der Mieter stellt seine eigene Schlaf- und F\u00fctterungsausr\u00fcstung zur Verf\u00fcgung. 1 Futter- und Trinkschale wird zur Verf\u00fcgung gestellt. <\/p>\n\n<p>Bitte lassen Sie Ihr Haustier nach einem Spaziergang abtrocknen, bevor Sie das Ferienhaus betreten. Die Hundedusche bietet hier einen gro\u00dfen Mehrwert. <\/p>\n\n<p>Lassen Sie das Haustier nicht allein im Ferienhaus, au\u00dfer in der Garage und wenn Sie sicher sind, dass der Hund dann keine Angst hat und\/oder laut bellt. Stellen Sie das vorhandene Fenster auf Kipp f\u00fcr frische Luft. <\/p>\n\n<p>Damit soll verhindert werden, dass das ausgesetzte Tier in einer ihm fremden Umgebung vor Schreck zusammenbricht und m\u00f6glicherweise sein Inneres besch\u00e4digt.  <\/p>\n\n<p>Haustiere sind auf den Sitzen nicht erlaubt (im Notfall und unter Aufsicht, ja, aber der Sitz muss mit Ihren eigenen mitgebrachten Decken gut abgedeckt werden). Hunde sind aus hygienischen Gr\u00fcnden ABSOLUT nicht in den Schlafzimmern erlaubt. <\/p>\n\n<p>Wir bitten Sie, Hundekot auf der Terrasse zu vermeiden, gehen Sie regelm\u00e4\u00dfig mit ihm spazieren, um dies zu vermeiden. Wie Sie es gewohnt sind, entsorgen Sie bitte die Hundehaufen w\u00e4hrend Ihres Spaziergangs oder im Wald auf der R\u00fcckseite in einer Hundehaufen-T\u00fcte. Sie k\u00f6nnen die Kotbeutel im gr\u00fcnen Teil der Hundetoilette entsorgen. BITTE BEACHTEN SIE: In der gr\u00fcnen Tonne sind nur gr\u00fcne, biologisch abbaubare Hundekotbeutel erlaubt!!! Wenn die Eigent\u00fcmer feststellen, dass der Hundekot nicht beseitigt wurde, wird eine Pauschalgeb\u00fchr von 50 Euro erhoben.    <\/p>\n\n<p>Wenn Haustiere Sch\u00e4den am Haus oder im Garten verursachen, werden diese von der Kaution abgezogen. Pr\u00fcfen Sie gegebenenfalls, ob Ihre Familienversicherung f\u00fcr Sch\u00e4den einspringt, die Ihr Haustier verursacht. <\/p>\n\n<p>Die Vermieter tragen keine Verantwortung f\u00fcr Krankheiten oder Verletzungen, die Haustiere w\u00e4hrend ihres Aufenthalts erleiden.<\/p>\n\n<p><strong>Ankunft<\/strong>:<\/p>\n\n<p>Ankunft gem\u00e4\u00df den Zeiten auf der Website. In Absprache mit dem Eigent\u00fcmer kann davon abgewichen werden <\/p>\n\n<p>von den \u00fcblichen Ankunftszeiten ausgehen, da dies kein Problem darstellt, wenn am selben Tag keine abreisenden Mieter anwesend waren.<\/p>\n\n<p>Sie k\u00f6nnen das Haus \u00fcber ein elektronisches Schloss betreten, das Sie mit Ihrem Smartphone steuern k\u00f6nnen. Die Codes werden Ihnen ein paar Tage vor Ihrer Ankunft per E-Mail mitgeteilt. F\u00fcr den Innenbereich stehen zus\u00e4tzlich 2 Schl\u00fcssels\u00e4tze zur Verf\u00fcgung (auch f\u00fcr das Garagentor, das allerdings auch mit der vorhandenen Fernbedienung bedient werden kann).  <\/p>\n\n<p>  !!!! Das Haus ist mit Kameras gesichert. Es gibt 1 Kamera an der Haust\u00fcrklingel, die immer eingeschaltet ist, seien Sie sich dessen bewusst.   <\/p>\n\n<p>Es gibt eine<sup>2.<\/sup> Kamera auf der R\u00fcckseite mit Blick auf die Terrasse und den Garten. Diese Kamera ist bei Ihrer Ankunft <strong>ausgeschaltet<\/strong>: Sie k\u00f6nnen dies daran erkennen, dass das blaue Licht der Kamera NICHT leuchtet, wenn Sie in Sichtweite sind, und auch die Lampe der Kamera geht nicht an. <\/p>\n\n<p>Die<sup>3.<\/sup> Kamera befindet sich im Inneren, neben dem Radio. Sie k\u00f6nnen die Abdeckung f\u00fcr die Camara selbst aufschieben oder sie abnehmen.<\/p>\n\n<p>Es gibt einen Parkplatz f\u00fcr 2 Autos vor dem Haus. Bitte beachten Sie: links vom Haus befindet sich eine Ladestation f\u00fcr ein Elektroauto. Sie sollten diesen Platz frei lassen, da diese Ladestation \u00f6ffentlich ist. Nat\u00fcrlich k\u00f6nnen Sie auch Ihr eigenes Auto aufladen, vorzugsweise nachts, damit Sie nicht nach 5 Stunden extra bezahlen m\u00fcssen. Teilen Sie uns Ihre Kartennummer per E-Mail mit und wir werden Ihren Parkplatz nachts aktivieren und Ihnen einen Rabatt von 10% auf den \u00f6ffentlichen Preis f\u00fcr das Aufladen gew\u00e4hren. Es gibt auch Parkpl\u00e4tze gegen\u00fcber dem Haus in der ansonsten sehr ruhigen Stra\u00dfe.    <\/p>\n\n<p>Lesen Sie die Bedienungsanleitungen f\u00fcr alle Ger\u00e4te sorgf\u00e4ltig durch. Es gibt \u00fcberall Displays und die umfangreicheren Handb\u00fccher befinden sich in der kleinen Kommode im Wohnzimmer. So minimieren Sie das Risiko von Sch\u00e4den an den Ger\u00e4ten.  <\/p>\n\n<p>Abreise<\/p>\n\n<p>Siehe die Abfahrtszeiten auf der Website, von denen nach Vereinbarung abgewichen werden kann.<\/p>\n\n<p>Eine umfassende Checkliste finden Sie im Haus am Ausgang. Haken Sie sie ab, wenn Sie das Haus verlassen, damit Sie nichts vergessen und so Sch\u00e4den (im Falle eines Einbruchs) oder andere Notf\u00e4lle und damit Kosten vermeiden.<\/p>\n\n<p>Bestimmte Sch\u00e4den k\u00f6nnen erst bei der gr\u00fcndlichen Endreinigung festgestellt werden. Der Vermieter beh\u00e4lt sich das Recht vor, nach dieser Endreinigung eine letzte Ortsbesichtigung vorzunehmen. <\/p>\n\n<p>Das Ferienhaus wird vor der Nutzung vollst\u00e4ndig gereinigt, unter anderem mit einer hochwertigen Dampfmaschine (Eco Diamond), wodurch (auch die Betten selbst) hygienisch gereinigt werden. Wenn Sie das Haus verlassen, m\u00fcssen Sie es aufger\u00e4umt hinterlassen. Es wird erwartet, dass Sie das Haus in einem sauberen Zustand verlassen. <\/p>\n\n<p>&#8211; Die Zimmer fegen<\/p>\n\n<p>&#8211; Schalten Sie den Geschirrsp\u00fcler ein.  <\/p>\n\n<p>&#8211; Reinigung des Grills und der Roste nach dem Gebrauch<\/p>\n\n<p>&#8211; Leeren, reinigen und stellen Sie Haushaltsger\u00e4te (K\u00fchlschr\u00e4nke, Backofen, Mikrowelle, Herd, kleine Elektroger\u00e4te usw.) an ihren vorgesehenen Platz.<\/p>\n\n<p>&#8211; Sortieren von Abfall wie unter Abfallentsorgung beschrieben<\/p>\n\n<p>&#8211; M\u00fclltonnen sauber<\/p>\n\n<p>&#8211; Ziehen Sie die Laken von den Betten und legen Sie sie in die W\u00e4schek\u00f6rbe oder auf den Boden in der Speisekammer. Werfen Sie nasse Handt\u00fccher nicht auf einen Haufen! <\/p>\n\n<p>&#8211; Die Toiletten anst\u00e4ndig hinterlassen<\/p>\n\n<p>&#8211; Schlie\u00dfen Sie Fenster und T\u00fcren<\/p>\n\n<p>&#8211; Alle Lichter aus<\/p>\n\n<p>Sollte das Haus und\/oder der Garten bei der Abreise in einem nicht normalen Sauberkeitszustand hinterlassen werden, ist der Eigent\u00fcmer berechtigt, zus\u00e4tzliche Reinigungsstunden zu \u20ac 40,00 pro Stunde in Rechnung zu stellen.<\/p>\n\n<p><strong>Abfallentsorgung<\/strong>:<\/p>\n\n<p>Der Mieter verpflichtet sich, seine Abf\u00e4lle korrekt nach dem beschriebenen Verfahren zu trennen. Die Stadtverwaltung von DURBUY hat strenge Regeln f\u00fcr die M\u00fclltrennung und sieht hohe Geldstrafen vor, wenn der M\u00fcll nicht korrekt sortiert wird. <\/p>\n\n<p>Der Vermieter stellt standardm\u00e4\u00dfig M\u00fcllbeutel in jedem M\u00fclleimer zur Verf\u00fcgung.  <\/p>\n\n<p>Nehmen Sie bei Ihrer Abreise die M\u00fclls\u00e4cke aus den M\u00fclleimern im Inneren und werfen Sie sie in den grauen Teil des Duobeh\u00e4lters.<\/p>\n\n<p>Restm\u00fcll und organische Abf\u00e4lle (Gem\u00fcse, Obst und Gartenabf\u00e4lle)<\/p>\n\n<p>Duo-Eimer\/Container: Geben Sie alle Abf\u00e4lle korrekt in den DUO-Eimer\/Container.<\/p>\n\n<p>&#8211; Gem\u00fcse-, Obst- und Gartenabf\u00e4lle (GFT) in den GR\u00dcNEN Teil der Tonne<\/p>\n\n<p>&#8211; Restm\u00fcll: in Plastiks\u00e4cken im GRAUEN Teil des Containers<\/p>\n\n<p>&#8211; Die Abholung erfolgt am DIENSTAG: Bitte stellen Sie den DUO-Beh\u00e4lter an die Stra\u00dfe. Nach der Abholung stellen Sie den DUO-Container bitte wieder an den daf\u00fcr vorgesehenen Platz auf dem Grundst\u00fcck. <\/p>\n\n<p>In der Speisekammer gibt es Beh\u00e4lter f\u00fcr Papier, Glas und PMT, bitte sortieren Sie diese dort hinein<\/p>\n\n<p>Permit Durbuy\/Tourisme Wallonie<\/p>\n\n<p>Die Moose Lodge ist von der Stadt Durbuy lizenziert und bei Tourisme Wallonie registriert\/anerkannt<\/p>\n\n<p>unter Nummer CGT  <\/p>\n\n<p>Das bedeutet, dass wir bestimmte Qualit\u00e4tsanforderungen erf\u00fcllen m\u00fcssen, die der Code Wallon du Tourisme vorschreibt.<\/p>\n\t\t\t\t\t\t\t\t<\/div>\n\t\t\t\t<\/div>\n\t\t\t\t\t<\/div>\n\t\t\t\t<\/div>\n\t\t\t\t<\/div>\n\t\t","protected":false},"excerpt":{"rendered":"<p>Mietbedingungen g\u00fcltig von 01-04-2025 Daten zur Identifizierung: Moose Lodge ist Eigentum der Kommanditgesellschaft FM Partners mit der Firmennummer 0824.572.452 und Sitz in 3621 Lanaken, Groenplaats 14\/4, eingetragen bei der Crossroads Bank for Enterprises. Kontakt: telefonisch unter 0479-300853, per E-Mail an info@mooselodge.be oder info@fmpartners.be oder \u00fcber das Kontaktformular unter www.mooselodge.be FM Partners CommV&#8217;s Kontonummer: BE97.1430.9271.7149 BIC-GEBABEBB [&hellip;]<\/p>\n","protected":false},"author":2,"featured_media":0,"parent":0,"menu_order":0,"comment_status":"closed","ping_status":"closed","template":"","meta":{"footnotes":""},"class_list":["post-2805","page","type-page","status-publish","hentry"],"_links":{"self":[{"href":"https:\/\/mooselodge.be\/de\/wp-json\/wp\/v2\/pages\/2805","targetHints":{"allow":["GET"]}}],"collection":[{"href":"https:\/\/mooselodge.be\/de\/wp-json\/wp\/v2\/pages"}],"about":[{"href":"https:\/\/mooselodge.be\/de\/wp-json\/wp\/v2\/types\/page"}],"author":[{"embeddable":true,"href":"https:\/\/mooselodge.be\/de\/wp-json\/wp\/v2\/users\/2"}],"replies":[{"embeddable":true,"href":"https:\/\/mooselodge.be\/de\/wp-json\/wp\/v2\/comments?post=2805"}],"version-history":[{"count":7,"href":"https:\/\/mooselodge.be\/de\/wp-json\/wp\/v2\/pages\/2805\/revisions"}],"predecessor-version":[{"id":2818,"href":"https:\/\/mooselodge.be\/de\/wp-json\/wp\/v2\/pages\/2805\/revisions\/2818"}],"wp:attachment":[{"href":"https:\/\/mooselodge.be\/de\/wp-json\/wp\/v2\/media?parent=2805"}],"curies":[{"name":"wp","href":"https:\/\/api.w.org\/{rel}","templated":true}]}}