{"id":2781,"date":"2025-03-30T11:41:48","date_gmt":"2025-03-30T11:41:48","guid":{"rendered":"https:\/\/mooselodge.be\/a-propos-de-nous\/"},"modified":"2025-05-20T16:35:17","modified_gmt":"2025-05-20T16:35:17","slug":"a-propos-de-nous","status":"publish","type":"page","link":"https:\/\/mooselodge.be\/fr\/a-propos-de-nous\/","title":{"rendered":"A propos de nous"},"content":{"rendered":"\t\t<div data-elementor-type=\"wp-page\" data-elementor-id=\"2781\" class=\"elementor elementor-2781 elementor-98\" data-elementor-post-type=\"page\">\n\t\t\t\t<div class=\"elementor-element elementor-element-7566440 e-flex e-con-boxed e-con e-parent\" data-id=\"7566440\" data-element_type=\"container\" data-e-type=\"container\" data-settings=\"{&quot;background_background&quot;:&quot;classic&quot;,&quot;jet_parallax_layout_list&quot;:[]}\">\n\t\t\t\t\t<div class=\"e-con-inner\">\n\t\t\t\t<div class=\"elementor-element elementor-element-5f97bcb elementor-widget elementor-widget-heading\" data-id=\"5f97bcb\" data-element_type=\"widget\" data-e-type=\"widget\" data-widget_type=\"heading.default\">\n\t\t\t\t<div class=\"elementor-widget-container\">\n\t\t\t\t\t<h1 class=\"elementor-heading-title elementor-size-default\">\u00c0 propos de moose lodge<\/h1>\t\t\t\t<\/div>\n\t\t\t\t<\/div>\n\t\t\t\t\t<\/div>\n\t\t\t\t<\/div>\n\t\t<div class=\"elementor-element elementor-element-bbc3401 e-flex e-con-boxed e-con e-parent\" data-id=\"bbc3401\" data-element_type=\"container\" data-e-type=\"container\" data-settings=\"{&quot;jet_parallax_layout_list&quot;:[]}\">\n\t\t\t\t\t<div class=\"e-con-inner\">\n\t\t<div class=\"elementor-element elementor-element-b3c59b5 e-con-full e-flex e-con e-child\" data-id=\"b3c59b5\" data-element_type=\"container\" data-e-type=\"container\" data-settings=\"{&quot;jet_parallax_layout_list&quot;:[]}\">\n\t\t\t\t<div class=\"elementor-element elementor-element-deaa27a elementor-widget elementor-widget-image\" data-id=\"deaa27a\" data-element_type=\"widget\" data-e-type=\"widget\" data-widget_type=\"image.default\">\n\t\t\t\t<div class=\"elementor-widget-container\">\n\t\t\t\t\t\t\t\t\t\t\t\t\t\t\t<img fetchpriority=\"high\" decoding=\"async\" width=\"1200\" height=\"1600\" src=\"https:\/\/mooselodge.be\/wp-content\/uploads\/2025\/04\/9398.jpeg\" class=\"attachment-full size-full wp-image-2297\" alt=\"\" srcset=\"https:\/\/mooselodge.be\/wp-content\/uploads\/2025\/04\/9398.jpeg 1200w, https:\/\/mooselodge.be\/wp-content\/uploads\/2025\/04\/9398-225x300.jpeg 225w, https:\/\/mooselodge.be\/wp-content\/uploads\/2025\/04\/9398-768x1024.jpeg 768w, https:\/\/mooselodge.be\/wp-content\/uploads\/2025\/04\/9398-1152x1536.jpeg 1152w\" sizes=\"(max-width: 1200px) 100vw, 1200px\" \/>\t\t\t\t\t\t\t\t\t\t\t\t\t\t\t<\/div>\n\t\t\t\t<\/div>\n\t\t\t\t<\/div>\n\t\t<div class=\"elementor-element elementor-element-d9aa5d8 e-con-full e-flex e-con e-child\" data-id=\"d9aa5d8\" data-element_type=\"container\" data-e-type=\"container\" data-settings=\"{&quot;background_background&quot;:&quot;classic&quot;,&quot;jet_parallax_layout_list&quot;:[]}\">\n\t\t\t\t<div class=\"elementor-element elementor-element-914e7dc elementor-widget elementor-widget-heading\" data-id=\"914e7dc\" data-element_type=\"widget\" data-e-type=\"widget\" data-widget_type=\"heading.default\">\n\t\t\t\t<div class=\"elementor-widget-container\">\n\t\t\t\t\t<h3 class=\"elementor-heading-title elementor-size-default\">Notre histoire<\/h3>\t\t\t\t<\/div>\n\t\t\t\t<\/div>\n\t\t\t\t<div class=\"elementor-element elementor-element-41d9544 elementor-widget elementor-widget-text-editor\" data-id=\"41d9544\" data-element_type=\"widget\" data-e-type=\"widget\" data-widget_type=\"text-editor.default\">\n\t\t\t\t<div class=\"elementor-widget-container\">\n\t\t\t\t\t\t\t\t\t<p>Bienvenue au Moose Lodge ! Nous sommes Mireille et Jan, propri\u00e9taires de cette maison de vacances. <\/p><p>Jan est un golfeur passionn\u00e9, un amoureux des chiens et appr\u00e9cie le calme et la tranquillit\u00e9 de la nature. Mireille est une fan de jazz et une passionn\u00e9e de d\u00e9coration d&rsquo;int\u00e9rieur. Gr\u00e2ce \u00e0 son sens aigu du d\u00e9tail, ils ont cr\u00e9\u00e9 ensemble un lieu qui offre un \u00e9quilibre parfait entre le style, le confort et la nature.  <\/p><p>Le Moose Lodge est nich\u00e9 dans la nature, entour\u00e9 par la beaut\u00e9 des arbres et proche du Golf de Durbuy. Chaque \u00e9l\u00e9ment de la maison a \u00e9t\u00e9 choisi avec soin et amour : de l&rsquo;int\u00e9rieur frais \u00e0 la vaisselle soigneusement s\u00e9lectionn\u00e9e. <\/p><p>Nous esp\u00e9rons que vous appr\u00e9cierez le calme et le confort de ce lieu autant que nous.<\/p><p>A bient\u00f4t, Jan et Mireille !<\/p>\t\t\t\t\t\t\t\t<\/div>\n\t\t\t\t<\/div>\n\t\t\t\t<\/div>\n\t\t\t\t\t<\/div>\n\t\t\t\t<\/div>\n\t\t<div class=\"elementor-element elementor-element-1aa37d4 e-flex e-con-boxed e-con e-parent\" data-id=\"1aa37d4\" data-element_type=\"container\" data-e-type=\"container\" data-settings=\"{&quot;jet_parallax_layout_list&quot;:[]}\">\n\t\t\t\t\t<div class=\"e-con-inner\">\n\t\t<div class=\"elementor-element elementor-element-687af65 e-con-full e-flex e-con e-child\" data-id=\"687af65\" data-element_type=\"container\" data-e-type=\"container\" data-settings=\"{&quot;background_background&quot;:&quot;classic&quot;,&quot;jet_parallax_layout_list&quot;:[]}\">\n\t\t\t\t<div class=\"elementor-element elementor-element-3dce489 elementor-widget elementor-widget-heading\" data-id=\"3dce489\" data-element_type=\"widget\" data-e-type=\"widget\" data-widget_type=\"heading.default\">\n\t\t\t\t<div class=\"elementor-widget-container\">\n\t\t\t\t\t<h2 class=\"elementor-heading-title elementor-size-default\">Un s\u00e9jour personnalis\u00e9<\/h2>\t\t\t\t<\/div>\n\t\t\t\t<\/div>\n\t\t\t\t<div class=\"elementor-element elementor-element-76b7b44 elementor-widget elementor-widget-text-editor\" data-id=\"76b7b44\" data-element_type=\"widget\" data-e-type=\"widget\" data-widget_type=\"text-editor.default\">\n\t\t\t\t<div class=\"elementor-widget-container\">\n\t\t\t\t\t\t\t\t\t<p>Qu&rsquo;est-ce qui nous diff\u00e9rencie ? Ce sont les touches personnelles, telles qu&rsquo;une douche accueillante pour votre compagnon \u00e0 quatre pattes, des options de petit-d\u00e9jeuner local et des d\u00e9tails bien pens\u00e9s qui font de votre s\u00e9jour une exp\u00e9rience. <\/p><p>Nous avons con\u00e7u cette maison non seulement comme un endroit o\u00f9 dormir, mais aussi comme un endroit o\u00f9 l&rsquo;on se sent chez soi. Que vous soyez un voyageur, un golfeur, un amoureux des animaux ou un chef d&rsquo;\u00e9quipe planifiant une retraite, nous sommes l\u00e0 pour rendre chaque s\u00e9jour sp\u00e9cial. <\/p>\t\t\t\t\t\t\t\t<\/div>\n\t\t\t\t<\/div>\n\t\t\t\t<\/div>\n\t\t<div class=\"elementor-element elementor-element-cb3beb0 e-con-full e-flex e-con e-child\" data-id=\"cb3beb0\" data-element_type=\"container\" data-e-type=\"container\" data-settings=\"{&quot;jet_parallax_layout_list&quot;:[],&quot;background_background&quot;:&quot;classic&quot;}\">\n\t\t\t\t<\/div>\n\t\t\t\t\t<\/div>\n\t\t\t\t<\/div>\n\t\t<div class=\"elementor-element elementor-element-fdbfb13 e-flex e-con-boxed e-con e-parent\" data-id=\"fdbfb13\" data-element_type=\"container\" data-e-type=\"container\" data-settings=\"{&quot;jet_parallax_layout_list&quot;:[]}\">\n\t\t\t\t\t<div class=\"e-con-inner\">\n\t\t<div class=\"elementor-element elementor-element-f5eda97 e-con-full e-flex e-con e-child\" data-id=\"f5eda97\" data-element_type=\"container\" data-e-type=\"container\" data-settings=\"{&quot;background_background&quot;:&quot;classic&quot;,&quot;jet_parallax_layout_list&quot;:[]}\">\n\t\t\t\t<div class=\"elementor-element elementor-element-9c948b2 elementor-widget elementor-widget-heading\" data-id=\"9c948b2\" data-element_type=\"widget\" data-e-type=\"widget\" data-widget_type=\"heading.default\">\n\t\t\t\t<div class=\"elementor-widget-container\">\n\t\t\t\t\t<h2 class=\"elementor-heading-title elementor-size-default\">Meubl\u00e9 de vacances Moose Lodge \u00e0 Barvaux, Durbuy<\/h2>\t\t\t\t<\/div>\n\t\t\t\t<\/div>\n\t\t\t\t<div class=\"elementor-element elementor-element-00d262d elementor-widget elementor-widget-text-editor\" data-id=\"00d262d\" data-element_type=\"widget\" data-e-type=\"widget\" data-widget_type=\"text-editor.default\">\n\t\t\t\t<div class=\"elementor-widget-container\">\n\t\t\t\t\t\t\t\t\t<p>Moose Lodge est une maison de vacances sur le Golf de Durbuy pouvant accueillir jusqu&rsquo;\u00e0 8 personnes, avec 4 chambres, 2 salles de bain (7 lavabos), un garage, une station de recharge pour voiture \u00e9lectrique, une douche pour chien et une terrasse ferm\u00e9e.<\/p><p>Il est confortable gr\u00e2ce au chauffage par le sol dans les pi\u00e8ces \u00e0 vivre et aux unit\u00e9s de climatisation\/chauffage dans les chambres, et il est \u00e9conome en \u00e9nergie.<\/p>\t\t\t\t\t\t\t\t<\/div>\n\t\t\t\t<\/div>\n\t\t\t\t<\/div>\n\t\t<div class=\"elementor-element elementor-element-dc3ebe8 e-con-full e-flex e-con e-child\" data-id=\"dc3ebe8\" data-element_type=\"container\" data-e-type=\"container\" data-settings=\"{&quot;jet_parallax_layout_list&quot;:[],&quot;background_background&quot;:&quot;classic&quot;}\">\n\t\t\t\t<\/div>\n\t\t\t\t\t<\/div>\n\t\t\t\t<\/div>\n\t\t<div class=\"elementor-element elementor-element-0c1a3b5 elementor-hidden-desktop elementor-hidden-tablet elementor-hidden-mobile e-flex e-con-boxed e-con e-parent\" data-id=\"0c1a3b5\" data-element_type=\"container\" data-e-type=\"container\" data-settings=\"{&quot;background_background&quot;:&quot;classic&quot;,&quot;jet_parallax_layout_list&quot;:[]}\">\n\t\t\t\t\t<div class=\"e-con-inner\">\n\t\t\t\t<div class=\"elementor-element elementor-element-d0d8c8a elementor-widget elementor-widget-heading\" data-id=\"d0d8c8a\" data-element_type=\"widget\" data-e-type=\"widget\" data-widget_type=\"heading.default\">\n\t\t\t\t<div class=\"elementor-widget-container\">\n\t\t\t\t\t<h2 class=\"elementor-heading-title elementor-size-default\">Contactez-nousCe que disent nos visiteurs<\/h2>\t\t\t\t<\/div>\n\t\t\t\t<\/div>\n\t\t\t\t<div class=\"elementor-element elementor-element-acf9dba elementor-testimonial--align-left elementor-testimonial--skin-default elementor-testimonial--layout-image_inline elementor-pagination-type-bullets elementor-widget elementor-widget-testimonial-carousel\" data-id=\"acf9dba\" data-element_type=\"widget\" data-e-type=\"widget\" data-settings=\"{&quot;slides_per_view&quot;:&quot;3&quot;,&quot;slides_per_view_tablet&quot;:&quot;2&quot;,&quot;slides_per_view_mobile&quot;:&quot;1&quot;,&quot;slides_to_scroll&quot;:&quot;1&quot;,&quot;slides_to_scroll_tablet&quot;:&quot;1&quot;,&quot;slides_to_scroll_mobile&quot;:&quot;1&quot;,&quot;pagination&quot;:&quot;bullets&quot;,&quot;speed&quot;:500,&quot;autoplay&quot;:&quot;yes&quot;,&quot;autoplay_speed&quot;:5000,&quot;loop&quot;:&quot;yes&quot;,&quot;pause_on_hover&quot;:&quot;yes&quot;,&quot;pause_on_interaction&quot;:&quot;yes&quot;,&quot;space_between&quot;:{&quot;unit&quot;:&quot;px&quot;,&quot;size&quot;:10,&quot;sizes&quot;:[]},&quot;space_between_tablet&quot;:{&quot;unit&quot;:&quot;px&quot;,&quot;size&quot;:10,&quot;sizes&quot;:[]},&quot;space_between_mobile&quot;:{&quot;unit&quot;:&quot;px&quot;,&quot;size&quot;:10,&quot;sizes&quot;:[]}}\" data-widget_type=\"testimonial-carousel.default\">\n\t\t\t\t<div class=\"elementor-widget-container\">\n\t\t\t\t\t\t\t\t\t<div class=\"elementor-swiper\">\n\t\t\t\t\t<div class=\"elementor-main-swiper swiper\" role=\"region\" aria-roledescription=\"carousel\" aria-label=\"Slides\">\n\t\t\t\t<div class=\"swiper-wrapper\">\n\t\t\t\t\t\t\t\t\t\t\t<div class=\"swiper-slide\" role=\"group\" aria-roledescription=\"slide\">\n\t\t\t\t\t\t\t\t\t<div class=\"elementor-testimonial\">\n\t\t\t\t\t\t\t<div class=\"elementor-testimonial__content\">\n\t\t\t\t\t<div class=\"elementor-testimonial__text\">\n\t\t\t\t\t\t<p>Trouver une chambre par l'interm\u00e9diaire de [Nom de l'entreprise] a \u00e9t\u00e9 un jeu d'enfant ! Le processus a \u00e9t\u00e9 rapide et je me suis sentie en confiance, sachant que tout \u00e9tait transparent et fiable. Je vous le recommande vivement !  <\/p>\n\t\t\t\t\t<\/div>\n\t\t\t\t\t\t\t\t\t<\/div>\n\t\t\t\t\t\t<div class=\"elementor-testimonial__footer\">\n\t\t\t\t\t\t\t\t\t<div class=\"elementor-testimonial__image\">\n\t\t\t\t\t\t<img decoding=\"async\" src=\"https:\/\/mooselodge.be\/wp-content\/plugins\/elementor\/assets\/images\/placeholder.png\" alt=\"Emma R\">\n\t\t\t\t\t\t\t\t\t\t\t<\/div>\n\t\t\t\t\t\t\t\t<cite class=\"elementor-testimonial__cite\"><span class=\"elementor-testimonial__name\">Emma R<\/span><\/cite>\t\t\t<\/div>\n\t\t<\/div>\n\t\t\t\t\t\t\t\t<\/div>\n\t\t\t\t\t\t\t\t\t\t\t<div class=\"swiper-slide\" role=\"group\" aria-roledescription=\"slide\">\n\t\t\t\t\t\t\t\t\t<div class=\"elementor-testimonial\">\n\t\t\t\t\t\t\t<div class=\"elementor-testimonial__content\">\n\t\t\t\t\t<div class=\"elementor-testimonial__text\">\n\t\t\t\t\t\t<p>En tant que propri\u00e9taire, j'ai essay\u00e9 plusieurs plateformes, mais [Nom de l'entreprise] se d\u00e9marque. Le service est efficace et je peux facilement entrer en contact avec des locataires de qualit\u00e9. La mise en location de mon bien est devenue un jeu d'enfant.  <\/p>\n\t\t\t\t\t<\/div>\n\t\t\t\t\t\t\t\t\t<\/div>\n\t\t\t\t\t\t<div class=\"elementor-testimonial__footer\">\n\t\t\t\t\t\t\t\t\t<div class=\"elementor-testimonial__image\">\n\t\t\t\t\t\t<img decoding=\"async\" src=\"https:\/\/mooselodge.be\/wp-content\/plugins\/elementor\/assets\/images\/placeholder.png\" alt=\"John D.\">\n\t\t\t\t\t\t\t\t\t\t\t<\/div>\n\t\t\t\t\t\t\t\t<cite class=\"elementor-testimonial__cite\"><span class=\"elementor-testimonial__name\">John D.<\/span><\/cite>\t\t\t<\/div>\n\t\t<\/div>\n\t\t\t\t\t\t\t\t<\/div>\n\t\t\t\t\t\t\t\t\t\t\t<div class=\"swiper-slide\" role=\"group\" aria-roledescription=\"slide\">\n\t\t\t\t\t\t\t\t\t<div class=\"elementor-testimonial\">\n\t\t\t\t\t\t\t<div class=\"elementor-testimonial__content\">\n\t\t\t\t\t<div class=\"elementor-testimonial__text\">\n\t\t\t\t\t\t<p>J'ai lou\u00e9 deux fois par l'interm\u00e9diaire de [Nom de l'entreprise] et j'ai eu une excellente exp\u00e9rience \u00e0 chaque fois. La communication \u00e9tait claire et l'ensemble du processus \u00e9tait simple et rapide. <\/p>\n\t\t\t\t\t<\/div>\n\t\t\t\t\t\t\t\t\t<\/div>\n\t\t\t\t\t\t<div class=\"elementor-testimonial__footer\">\n\t\t\t\t\t\t\t\t\t<div class=\"elementor-testimonial__image\">\n\t\t\t\t\t\t<img decoding=\"async\" src=\"https:\/\/mooselodge.be\/wp-content\/plugins\/elementor\/assets\/images\/placeholder.png\" alt=\"Sophie T.\">\n\t\t\t\t\t\t\t\t\t\t\t<\/div>\n\t\t\t\t\t\t\t\t<cite class=\"elementor-testimonial__cite\"><span class=\"elementor-testimonial__name\">Sophie T.<\/span><\/cite>\t\t\t<\/div>\n\t\t<\/div>\n\t\t\t\t\t\t\t\t<\/div>\n\t\t\t\t\t\t\t\t\t\t\t<div class=\"swiper-slide\" role=\"group\" aria-roledescription=\"slide\">\n\t\t\t\t\t\t\t\t\t<div class=\"elementor-testimonial\">\n\t\t\t\t\t\t\t<div class=\"elementor-testimonial__content\">\n\t\t\t\t\t<div class=\"elementor-testimonial__text\">\n\t\t\t\t\t\t<p>La meilleure exp\u00e9rience de location que j'ai eue ! La plateforme est facile \u00e0 utiliser et le service client est toujours l\u00e0 pour r\u00e9pondre \u00e0 vos questions. Louer une chambre n'a jamais \u00e9t\u00e9 aussi simple.  <\/p>\n\t\t\t\t\t<\/div>\n\t\t\t\t\t\t\t\t\t<\/div>\n\t\t\t\t\t\t<div class=\"elementor-testimonial__footer\">\n\t\t\t\t\t\t\t\t<cite class=\"elementor-testimonial__cite\"><span class=\"elementor-testimonial__name\">Mark P.<\/span><\/cite>\t\t\t<\/div>\n\t\t<\/div>\n\t\t\t\t\t\t\t\t<\/div>\n\t\t\t\t\t\t\t\t\t\t\t<div class=\"swiper-slide\" role=\"group\" aria-roledescription=\"slide\">\n\t\t\t\t\t\t\t\t\t<div class=\"elementor-testimonial\">\n\t\t\t\t\t\t\t<div class=\"elementor-testimonial__content\">\n\t\t\t\t\t<div class=\"elementor-testimonial__text\">\n\t\t\t\t\t\t<p>Je cherchais un endroit pour un s\u00e9jour de courte dur\u00e9e et j'ai trouv\u00e9 la chambre parfaite en un rien de temps. Le site est facile \u00e0 naviguer et les d\u00e9tails de chaque annonce sont exacts. Je ne manquerai pas de l'utiliser \u00e0 nouveau !  <\/p>\n\t\t\t\t\t<\/div>\n\t\t\t\t\t\t\t\t\t<\/div>\n\t\t\t\t\t\t<div class=\"elementor-testimonial__footer\">\n\t\t\t\t\t\t\t\t<cite class=\"elementor-testimonial__cite\"><span class=\"elementor-testimonial__name\">Laura M.<\/span><\/cite>\t\t\t<\/div>\n\t\t<\/div>\n\t\t\t\t\t\t\t\t<\/div>\n\t\t\t\t\t\t\t\t\t\t\t<div class=\"swiper-slide\" role=\"group\" aria-roledescription=\"slide\">\n\t\t\t\t\t\t\t\t\t<div class=\"elementor-testimonial\">\n\t\t\t\t\t\t\t<div class=\"elementor-testimonial__content\">\n\t\t\t\t\t<div class=\"elementor-testimonial__text\">\n\t\t\t\t\t\t<p>En tant que propri\u00e9taire pour la premi\u00e8re fois, j'\u00e9tais nerveux \u00e0 propos du processus, mais [Nom de l'entreprise] a rendu les choses claires et simples. J'ai d\u00e9j\u00e0 trouv\u00e9 d'excellents locataires et je continuerai \u00e0 utiliser ce service pour mes prochaines locations. <\/p>\n\t\t\t\t\t<\/div>\n\t\t\t\t\t\t\t\t\t<\/div>\n\t\t\t\t\t\t<div class=\"elementor-testimonial__footer\">\n\t\t\t\t\t\t\t\t<cite class=\"elementor-testimonial__cite\"><span class=\"elementor-testimonial__name\">Tom H.<\/span><\/cite>\t\t\t<\/div>\n\t\t<\/div>\n\t\t\t\t\t\t\t\t<\/div>\n\t\t\t\t\t\t\t\t\t<\/div>\n\t\t\t\t\t\t\t\t\t\t\t\t\t\t\t\t\t\t\t\t<div class=\"swiper-pagination\"><\/div>\n\t\t\t\t\t\t\t\t\t\t\t\t<\/div>\n\t\t\t\t<\/div>\n\t\t\t\t\t\t\t\t<\/div>\n\t\t\t\t<\/div>\n\t\t\t\t\t<\/div>\n\t\t\t\t<\/div>\n\t\t\t\t<\/div>\n\t\t","protected":false},"excerpt":{"rendered":"<p>\u00c0 propos de moose lodge Notre histoire Bienvenue au Moose Lodge ! Nous sommes Mireille et Jan, propri\u00e9taires de cette maison de vacances. Jan est un golfeur passionn\u00e9, un amoureux des chiens et appr\u00e9cie le calme et la tranquillit\u00e9 de la nature. Mireille est une fan de jazz et une passionn\u00e9e de d\u00e9coration d&rsquo;int\u00e9rieur. Gr\u00e2ce [&hellip;]<\/p>\n","protected":false},"author":2,"featured_media":0,"parent":0,"menu_order":0,"comment_status":"closed","ping_status":"closed","template":"elementor_header_footer","meta":{"footnotes":""},"class_list":["post-2781","page","type-page","status-publish","hentry"],"_links":{"self":[{"href":"https:\/\/mooselodge.be\/fr\/wp-json\/wp\/v2\/pages\/2781","targetHints":{"allow":["GET"]}}],"collection":[{"href":"https:\/\/mooselodge.be\/fr\/wp-json\/wp\/v2\/pages"}],"about":[{"href":"https:\/\/mooselodge.be\/fr\/wp-json\/wp\/v2\/types\/page"}],"author":[{"embeddable":true,"href":"https:\/\/mooselodge.be\/fr\/wp-json\/wp\/v2\/users\/2"}],"replies":[{"embeddable":true,"href":"https:\/\/mooselodge.be\/fr\/wp-json\/wp\/v2\/comments?post=2781"}],"version-history":[{"count":1,"href":"https:\/\/mooselodge.be\/fr\/wp-json\/wp\/v2\/pages\/2781\/revisions"}],"predecessor-version":[{"id":2783,"href":"https:\/\/mooselodge.be\/fr\/wp-json\/wp\/v2\/pages\/2781\/revisions\/2783"}],"wp:attachment":[{"href":"https:\/\/mooselodge.be\/fr\/wp-json\/wp\/v2\/media?parent=2781"}],"curies":[{"name":"wp","href":"https:\/\/api.w.org\/{rel}","templated":true}]}}