{"id":2789,"date":"2025-03-30T11:41:22","date_gmt":"2025-03-30T11:41:22","guid":{"rendered":"https:\/\/mooselodge.be\/contact\/"},"modified":"2025-05-20T16:35:22","modified_gmt":"2025-05-20T16:35:22","slug":"contact","status":"publish","type":"page","link":"https:\/\/mooselodge.be\/fr\/contact\/","title":{"rendered":"Contact"},"content":{"rendered":"\t\t<div data-elementor-type=\"wp-page\" data-elementor-id=\"2789\" class=\"elementor elementor-2789 elementor-96\" data-elementor-post-type=\"page\">\n\t\t\t\t<div class=\"elementor-element elementor-element-61d851d e-flex e-con-boxed e-con e-parent\" data-id=\"61d851d\" data-element_type=\"container\" data-e-type=\"container\" data-settings=\"{&quot;background_background&quot;:&quot;classic&quot;,&quot;jet_parallax_layout_list&quot;:[]}\">\n\t\t\t\t\t<div class=\"e-con-inner\">\n\t\t\t\t<div class=\"elementor-element elementor-element-d4c2a46 elementor-widget elementor-widget-heading\" data-id=\"d4c2a46\" data-element_type=\"widget\" data-e-type=\"widget\" data-widget_type=\"heading.default\">\n\t\t\t\t<div class=\"elementor-widget-container\">\n\t\t\t\t\t<h1 class=\"elementor-heading-title elementor-size-default\">Contactez nous<\/h1>\t\t\t\t<\/div>\n\t\t\t\t<\/div>\n\t\t\t\t<div class=\"elementor-element elementor-element-8046f46 elementor-widget__width-initial elementor-widget-mobile__width-inherit elementor-widget elementor-widget-text-editor\" data-id=\"8046f46\" data-element_type=\"widget\" data-e-type=\"widget\" data-widget_type=\"text-editor.default\">\n\t\t\t\t<div class=\"elementor-widget-container\">\n\t\t\t\t\t\t\t\t\t<p>Contactez-nous pour les r\u00e9servations, les questions ou l&rsquo;assistance. Nous serons heureux de vous aider \u00e0 planifier votre exp\u00e9rience parfaite. <\/p>\t\t\t\t\t\t\t\t<\/div>\n\t\t\t\t<\/div>\n\t\t\t\t\t<\/div>\n\t\t\t\t<\/div>\n\t\t<div class=\"elementor-element elementor-element-0eae8e7 e-flex e-con-boxed e-con e-parent\" data-id=\"0eae8e7\" data-element_type=\"container\" data-e-type=\"container\" data-settings=\"{&quot;jet_parallax_layout_list&quot;:[]}\">\n\t\t\t\t\t<div class=\"e-con-inner\">\n\t\t<div class=\"elementor-element elementor-element-8763af2 e-con-full e-flex e-con e-child\" data-id=\"8763af2\" data-element_type=\"container\" data-e-type=\"container\" data-settings=\"{&quot;jet_parallax_layout_list&quot;:[]}\">\n\t\t<div class=\"elementor-element elementor-element-08774f2 e-con-full e-flex e-con e-child\" data-id=\"08774f2\" data-element_type=\"container\" data-e-type=\"container\" data-settings=\"{&quot;jet_parallax_layout_list&quot;:[],&quot;background_background&quot;:&quot;classic&quot;}\">\n\t\t\t\t<div class=\"elementor-element elementor-element-f4d5fbc elementor-widget elementor-widget-heading\" data-id=\"f4d5fbc\" data-element_type=\"widget\" data-e-type=\"widget\" data-widget_type=\"heading.default\">\n\t\t\t\t<div class=\"elementor-widget-container\">\n\t\t\t\t\t<h4 class=\"elementor-heading-title elementor-size-default\">Contactez nous<\/h4>\t\t\t\t<\/div>\n\t\t\t\t<\/div>\n\t\t\t\t<div class=\"elementor-element elementor-element-0d3c546 elementor-widget elementor-widget-text-editor\" data-id=\"0d3c546\" data-element_type=\"widget\" data-e-type=\"widget\" data-widget_type=\"text-editor.default\">\n\t\t\t\t<div class=\"elementor-widget-container\">\n\t\t\t\t\t\t\t\t\t<p>Vous avez des questions concernant votre s\u00e9jour ? Nous nous ferons un plaisir de vous aider ! Contactez-nous par t\u00e9l\u00e9phone, par courriel ou rendez-nous visite dans nos locaux.  <\/p>\t\t\t\t\t\t\t\t<\/div>\n\t\t\t\t<\/div>\n\t\t\t\t<div class=\"elementor-element elementor-element-1334a3c elementor-widget elementor-widget-heading\" data-id=\"1334a3c\" data-element_type=\"widget\" data-e-type=\"widget\" data-widget_type=\"heading.default\">\n\t\t\t\t<div class=\"elementor-widget-container\">\n\t\t\t\t\t<h4 class=\"elementor-heading-title elementor-size-default\">Coordonn\u00e9es de la personne \u00e0 contacter<\/h4>\t\t\t\t<\/div>\n\t\t\t\t<\/div>\n\t\t\t\t<div class=\"elementor-element elementor-element-4d0090f elementor-icon-list--layout-traditional elementor-list-item-link-full_width elementor-widget elementor-widget-icon-list\" data-id=\"4d0090f\" data-element_type=\"widget\" data-e-type=\"widget\" data-widget_type=\"icon-list.default\">\n\t\t\t\t<div class=\"elementor-widget-container\">\n\t\t\t\t\t\t\t<ul class=\"elementor-icon-list-items\">\n\t\t\t\t\t\t\t<li class=\"elementor-icon-list-item\">\n\t\t\t\t\t\t\t\t\t\t\t<span class=\"elementor-icon-list-icon\">\n\t\t\t\t\t\t\t<svg xmlns=\"http:\/\/www.w3.org\/2000\/svg\" id=\"Layer_1\" height=\"512\" viewBox=\"0 0 64 64\" width=\"512\"><g><g><path d=\"m43.3 60.7h-42.3c-.5 0-1-.4-1-1s.4-1 1-1h42.3c.5 0 1 .4 1 1s-.5 1-1 1z\"><\/path><\/g><g><g><path d=\"m43.3 60.7h-36.2c-.5 0-1-.4-1-1v-25.5c0-.5.4-1 1-1s1 .4 1 1v24.5h35.2c.5 0 1 .4 1 1s-.5 1-1 1z\"><\/path><\/g><g><path d=\"m4.5 36.2c-1.2 0-2.3-.4-3.2-1.3-.8-.8-1.3-2-1.3-3.2 0-1.1.5-2.2 1.2-3.1l22.9-22.9c3.2-3.2 8.3-3.2 11.5 0l9.8 9.8c.4.4.4 1 0 1.4s-1 .4-1.4 0l-9.8-9.8c-2.4-2.4-6.3-2.4-8.7 0l-22.8 22.8c-.4.5-.7 1.2-.7 1.8 0 .5.1 1.2.7 1.8 1 1 2.7 1 3.7 0l22.8-22.8c.4-.4 1-.4 1.4 0l8.3 8.3c.4.4.4 1 0 1.4s-1 .4-1.4 0l-7.6-7.6-22.1 22.1c-.9.9-2.1 1.3-3.3 1.3z\"><\/path><\/g><g><path d=\"m32.9 60.7h-14.2c-.5 0-1-.4-1-1v-18.2c0-1.6 1.3-3 3-3h10.3c1.6 0 2.9 1.4 2.9 3v18.2c0 .5-.5 1-1 1zm-13.2-2h12.2v-17.2c0-.6-.5-1-.9-1h-10.3c-.6 0-1 .5-1 1z\"><\/path><\/g><g><path d=\"m49.5 60.6c-1.3 0-2.5-.7-3.2-1.8-3.5-5.8-11.4-19.8-11.4-25.8 0-8 6.5-14.5 14.5-14.5s14.6 6.5 14.6 14.5c0 4.2-3.8 12.8-11.2 25.8-.8 1.1-2 1.8-3.3 1.8zm-.1-40.1c-6.9 0-12.5 5.6-12.5 12.5 0 5.6 8.5 20.4 11.1 24.8.3.5.9.9 1.6.9s1.2-.3 1.6-.9c8.9-15.7 10.8-22.2 10.8-24.8 0-6.9-5.6-12.5-12.6-12.5z\"><\/path><\/g><g><path d=\"m49.5 42.3c-5.1 0-9.3-4.2-9.3-9.3s4.2-9.3 9.3-9.3 9.3 4.2 9.3 9.3-4.2 9.3-9.3 9.3zm0-16.6c-4 0-7.3 3.3-7.3 7.3s3.3 7.3 7.3 7.3 7.3-3.3 7.3-7.3-3.3-7.3-7.3-7.3z\"><\/path><\/g><g><path d=\"m21.7 51.4c-.5 0-1-.4-1-1v-1.3c0-.5.4-1 1-1s1 .4 1 1v1.3c0 .5-.5 1-1 1z\"><\/path><\/g><\/g><\/g><\/svg>\t\t\t\t\t\t<\/span>\n\t\t\t\t\t\t\t\t\t\t<span class=\"elementor-icon-list-text\">Rue des Renoncules 25, 6940 Barvaux (Durbuy)<\/span>\n\t\t\t\t\t\t\t\t\t<\/li>\n\t\t\t\t\t\t\t\t<li class=\"elementor-icon-list-item\">\n\t\t\t\t\t\t\t\t\t\t\t<span class=\"elementor-icon-list-icon\">\n\t\t\t\t\t\t\t<svg xmlns=\"http:\/\/www.w3.org\/2000\/svg\" id=\"Icons\" height=\"512\" viewBox=\"0 0 512 512\" width=\"512\"><path d=\"m456.3 117.9h-386.6c-8.3 0-15 6.7-15 15v260.2c0 8.3 6.7 15 15 15h386.6c8.3 0 15-6.7 15-15v-260.2c0-8.3-6.7-15-15-15zm-389.1 276.8c-.3-.5-.5-1-.5-1.6v-243.4l141.5 109.5zm150.6-128c.2.1 20.8 16.1 21 16.3 7.3 5.2 15.8 7.8 24.3 7.8s17-2.6 24.3-7.8c.2-.1 20.5-15.8 20.6-15.9l134.4 129.1h-359.4zm241.5 126.4c0 .8-.3 1.5-.8 2l-141-135.5 141.8-109.7zm-389.6-263.2h386.6c1.7 0 3 1.4 3 3v1.9l-179.1 138.5c-10.3 7.3-24.1 7.3-34.4 0l-179.1-138.8v-1.7c0-1.6 1.4-2.9 3-2.9z\"><\/path><\/svg>\t\t\t\t\t\t<\/span>\n\t\t\t\t\t\t\t\t\t\t<span class=\"elementor-icon-list-text\">info@mooselodge.com<\/span>\n\t\t\t\t\t\t\t\t\t<\/li>\n\t\t\t\t\t\t\t\t<li class=\"elementor-icon-list-item\">\n\t\t\t\t\t\t\t\t\t\t\t<span class=\"elementor-icon-list-icon\">\n\t\t\t\t\t\t\t<svg xmlns=\"http:\/\/www.w3.org\/2000\/svg\" xmlns:xlink=\"http:\/\/www.w3.org\/1999\/xlink\" id=\"Capa_1\" x=\"0px\" y=\"0px\" viewBox=\"0 0 482.6 482.6\" style=\"enable-background:new 0 0 482.6 482.6;\" xml:space=\"preserve\"><g>\t<path d=\"M98.339,320.8c47.6,56.9,104.9,101.7,170.3,133.4c24.9,11.8,58.2,25.8,95.3,28.2c2.3,0.1,4.5,0.2,6.8,0.2  c24.9,0,44.9-8.6,61.2-26.3c0.1-0.1,0.3-0.3,0.4-0.5c5.8-7,12.4-13.3,19.3-20c4.7-4.5,9.5-9.2,14.1-14  c21.3-22.2,21.3-50.4-0.2-71.9l-60.1-60.1c-10.2-10.6-22.4-16.2-35.2-16.2c-12.8,0-25.1,5.6-35.6,16.1l-35.8,35.8  c-3.3-1.9-6.7-3.6-9.9-5.2c-4-2-7.7-3.9-11-6c-32.6-20.7-62.2-47.7-90.5-82.4c-14.3-18.1-23.9-33.3-30.6-48.8  c9.4-8.5,18.2-17.4,26.7-26.1c3-3.1,6.1-6.2,9.2-9.3c10.8-10.8,16.6-23.3,16.6-36s-5.7-25.2-16.6-36l-29.8-29.8  c-3.5-3.5-6.8-6.9-10.2-10.4c-6.6-6.8-13.5-13.8-20.3-20.1c-10.3-10.1-22.4-15.4-35.2-15.4c-12.7,0-24.9,5.3-35.6,15.5l-37.4,37.4  c-13.6,13.6-21.3,30.1-22.9,49.2c-1.9,23.9,2.5,49.3,13.9,80C32.739,229.6,59.139,273.7,98.339,320.8z M25.739,104.2  c1.2-13.3,6.3-24.4,15.9-34l37.2-37.2c5.8-5.6,12.2-8.5,18.4-8.5c6.1,0,12.3,2.9,18,8.7c6.7,6.2,13,12.7,19.8,19.6  c3.4,3.5,6.9,7,10.4,10.6l29.8,29.8c6.2,6.2,9.4,12.5,9.4,18.7s-3.2,12.5-9.4,18.7c-3.1,3.1-6.2,6.3-9.3,9.4  c-9.3,9.4-18,18.3-27.6,26.8c-0.2,0.2-0.3,0.3-0.5,0.5c-8.3,8.3-7,16.2-5,22.2c0.1,0.3,0.2,0.5,0.3,0.8  c7.7,18.5,18.4,36.1,35.1,57.1c30,37,61.6,65.7,96.4,87.8c4.3,2.8,8.9,5,13.2,7.2c4,2,7.7,3.9,11,6c0.4,0.2,0.7,0.4,1.1,0.6  c3.3,1.7,6.5,2.5,9.7,2.5c8,0,13.2-5.1,14.9-6.8l37.4-37.4c5.8-5.8,12.1-8.9,18.3-8.9c7.6,0,13.8,4.7,17.7,8.9l60.3,60.2  c12,12,11.9,25-0.3,37.7c-4.2,4.5-8.6,8.8-13.3,13.3c-7,6.8-14.3,13.8-20.9,21.7c-11.5,12.4-25.2,18.2-42.9,18.2  c-1.7,0-3.5-0.1-5.2-0.2c-32.8-2.1-63.3-14.9-86.2-25.8c-62.2-30.1-116.8-72.8-162.1-127c-37.3-44.9-62.4-86.7-79-131.5  C28.039,146.4,24.139,124.3,25.739,104.2z\"><\/path><\/g><g><\/g><g><\/g><g><\/g><g><\/g><g><\/g><g><\/g><g><\/g><g><\/g><g><\/g><g><\/g><g><\/g><g><\/g><g><\/g><g><\/g><g><\/g><\/svg>\t\t\t\t\t\t<\/span>\n\t\t\t\t\t\t\t\t\t\t<span class=\"elementor-icon-list-text\">+32 479.300.853<\/span>\n\t\t\t\t\t\t\t\t\t<\/li>\n\t\t\t\t\t\t<\/ul>\n\t\t\t\t\t\t<\/div>\n\t\t\t\t<\/div>\n\t\t\t\t<div class=\"elementor-element elementor-element-1a61997 elementor-shape-circle e-grid-align-left elementor-grid-0 elementor-widget elementor-widget-social-icons\" data-id=\"1a61997\" data-element_type=\"widget\" data-e-type=\"widget\" data-widget_type=\"social-icons.default\">\n\t\t\t\t<div class=\"elementor-widget-container\">\n\t\t\t\t\t\t\t<div class=\"elementor-social-icons-wrapper elementor-grid\" role=\"list\">\n\t\t\t\t\t\t\t<span class=\"elementor-grid-item\" role=\"listitem\">\n\t\t\t\t\t<a class=\"elementor-icon elementor-social-icon elementor-social-icon-facebook elementor-repeater-item-23483ec\" href=\"https:\/\/www.facebook.com\/share\/1PmZ8V83fX\/\" target=\"_blank\" rel=\"noopener\">\n\t\t\t\t\t\t<span class=\"elementor-screen-only\">Facebook<\/span>\n\t\t\t\t\t\t<svg aria-hidden=\"true\" class=\"e-font-icon-svg e-fab-facebook\" viewBox=\"0 0 512 512\" xmlns=\"http:\/\/www.w3.org\/2000\/svg\"><path d=\"M504 256C504 119 393 8 256 8S8 119 8 256c0 123.78 90.69 226.38 209.25 245V327.69h-63V256h63v-54.64c0-62.15 37-96.48 93.67-96.48 27.14 0 55.52 4.84 55.52 4.84v61h-31.28c-30.8 0-40.41 19.12-40.41 38.73V256h68.78l-11 71.69h-57.78V501C413.31 482.38 504 379.78 504 256z\"><\/path><\/svg>\t\t\t\t\t<\/a>\n\t\t\t\t<\/span>\n\t\t\t\t\t\t\t<span class=\"elementor-grid-item\" role=\"listitem\">\n\t\t\t\t\t<a class=\"elementor-icon elementor-social-icon elementor-social-icon-instagram elementor-repeater-item-ff27797\" href=\"https:\/\/www.instagram.com\/mooselodgedurbuy\" target=\"_blank\" rel=\"noopener\">\n\t\t\t\t\t\t<span class=\"elementor-screen-only\">Instagram<\/span>\n\t\t\t\t\t\t<svg aria-hidden=\"true\" class=\"e-font-icon-svg e-fab-instagram\" viewBox=\"0 0 448 512\" xmlns=\"http:\/\/www.w3.org\/2000\/svg\"><path d=\"M224.1 141c-63.6 0-114.9 51.3-114.9 114.9s51.3 114.9 114.9 114.9S339 319.5 339 255.9 287.7 141 224.1 141zm0 189.6c-41.1 0-74.7-33.5-74.7-74.7s33.5-74.7 74.7-74.7 74.7 33.5 74.7 74.7-33.6 74.7-74.7 74.7zm146.4-194.3c0 14.9-12 26.8-26.8 26.8-14.9 0-26.8-12-26.8-26.8s12-26.8 26.8-26.8 26.8 12 26.8 26.8zm76.1 27.2c-1.7-35.9-9.9-67.7-36.2-93.9-26.2-26.2-58-34.4-93.9-36.2-37-2.1-147.9-2.1-184.9 0-35.8 1.7-67.6 9.9-93.9 36.1s-34.4 58-36.2 93.9c-2.1 37-2.1 147.9 0 184.9 1.7 35.9 9.9 67.7 36.2 93.9s58 34.4 93.9 36.2c37 2.1 147.9 2.1 184.9 0 35.9-1.7 67.7-9.9 93.9-36.2 26.2-26.2 34.4-58 36.2-93.9 2.1-37 2.1-147.8 0-184.8zM398.8 388c-7.8 19.6-22.9 34.7-42.6 42.6-29.5 11.7-99.5 9-132.1 9s-102.7 2.6-132.1-9c-19.6-7.8-34.7-22.9-42.6-42.6-11.7-29.5-9-99.5-9-132.1s-2.6-102.7 9-132.1c7.8-19.6 22.9-34.7 42.6-42.6 29.5-11.7 99.5-9 132.1-9s102.7-2.6 132.1 9c19.6 7.8 34.7 22.9 42.6 42.6 11.7 29.5 9 99.5 9 132.1s2.7 102.7-9 132.1z\"><\/path><\/svg>\t\t\t\t\t<\/a>\n\t\t\t\t<\/span>\n\t\t\t\t\t\t\t<span class=\"elementor-grid-item\" role=\"listitem\">\n\t\t\t\t\t<a class=\"elementor-icon elementor-social-icon elementor-social-icon-youtube elementor-repeater-item-3f4243c\" href=\"https:\/\/www.youtube.com\/watch?v=4A7Y6D4apWk&#038;t=1s\" target=\"_blank\" rel=\"noopener\">\n\t\t\t\t\t\t<span class=\"elementor-screen-only\">Youtube<\/span>\n\t\t\t\t\t\t<svg aria-hidden=\"true\" class=\"e-font-icon-svg e-fab-youtube\" viewBox=\"0 0 576 512\" xmlns=\"http:\/\/www.w3.org\/2000\/svg\"><path d=\"M549.655 124.083c-6.281-23.65-24.787-42.276-48.284-48.597C458.781 64 288 64 288 64S117.22 64 74.629 75.486c-23.497 6.322-42.003 24.947-48.284 48.597-11.412 42.867-11.412 132.305-11.412 132.305s0 89.438 11.412 132.305c6.281 23.65 24.787 41.5 48.284 47.821C117.22 448 288 448 288 448s170.78 0 213.371-11.486c23.497-6.321 42.003-24.171 48.284-47.821 11.412-42.867 11.412-132.305 11.412-132.305s0-89.438-11.412-132.305zm-317.51 213.508V175.185l142.739 81.205-142.739 81.201z\"><\/path><\/svg>\t\t\t\t\t<\/a>\n\t\t\t\t<\/span>\n\t\t\t\t\t<\/div>\n\t\t\t\t\t\t<\/div>\n\t\t\t\t<\/div>\n\t\t\t\t<\/div>\n\t\t<div class=\"elementor-element elementor-element-d9432c3 e-con-full e-flex e-con e-child\" data-id=\"d9432c3\" data-element_type=\"container\" data-e-type=\"container\" data-settings=\"{&quot;jet_parallax_layout_list&quot;:[]}\">\n\t\t\t\t<div class=\"elementor-element elementor-element-90e0df0 elementor-button-align-start elementor-widget elementor-widget-form\" data-id=\"90e0df0\" data-element_type=\"widget\" data-e-type=\"widget\" data-settings=\"{&quot;step_next_label&quot;:&quot;Suivant&quot;,&quot;step_previous_label&quot;:&quot;Pr\\u00e9c\\u00e9dent&quot;,&quot;button_width&quot;:&quot;100&quot;,&quot;step_type&quot;:&quot;number_text&quot;,&quot;step_icon_shape&quot;:&quot;circle&quot;}\" data-widget_type=\"form.default\">\n\t\t\t\t<div class=\"elementor-widget-container\">\n\t\t\t\t\t\t\t<form class=\"elementor-form\" method=\"post\" name=\"Nouveau formulaire\" aria-label=\"Nouveau formulaire\">\n\t\t\t<input type=\"hidden\" name=\"post_id\" value=\"2789\"\/>\n\t\t\t<input type=\"hidden\" name=\"form_id\" value=\"90e0df0\"\/>\n\t\t\t<input type=\"hidden\" name=\"referer_title\" value=\"\" \/>\n\n\t\t\t\n\t\t\t<div class=\"elementor-form-fields-wrapper elementor-labels-above\">\n\t\t\t\t\t\t\t\t<div class=\"elementor-field-type-text elementor-field-group elementor-column elementor-field-group-name elementor-col-50\">\n\t\t\t\t\t\t\t\t\t\t\t\t<label for=\"form-field-name\" class=\"elementor-field-label\">\n\t\t\t\t\t\t\t\tPr\u00e9nom\t\t\t\t\t\t\t<\/label>\n\t\t\t\t\t\t\t\t\t\t\t\t\t\t<input size=\"1\" type=\"text\" name=\"form_fields[name]\" id=\"form-field-name\" class=\"elementor-field elementor-size-sm  elementor-field-textual\" placeholder=\"Pr\u00e9nom\">\n\t\t\t\t\t\t\t\t\t\t\t<\/div>\n\t\t\t\t\t\t\t\t<div class=\"elementor-field-type-text elementor-field-group elementor-column elementor-field-group-field_b136e5a elementor-col-50\">\n\t\t\t\t\t\t\t\t\t\t\t\t<label for=\"form-field-field_b136e5a\" class=\"elementor-field-label\">\n\t\t\t\t\t\t\t\tNom de famille\t\t\t\t\t\t\t<\/label>\n\t\t\t\t\t\t\t\t\t\t\t\t\t\t<input size=\"1\" type=\"text\" name=\"form_fields[field_b136e5a]\" id=\"form-field-field_b136e5a\" class=\"elementor-field elementor-size-sm  elementor-field-textual\" placeholder=\"Nom de famille\">\n\t\t\t\t\t\t\t\t\t\t\t<\/div>\n\t\t\t\t\t\t\t\t<div class=\"elementor-field-type-email elementor-field-group elementor-column elementor-field-group-email elementor-col-100 elementor-field-required\">\n\t\t\t\t\t\t\t\t\t\t\t\t<label for=\"form-field-email\" class=\"elementor-field-label\">\n\t\t\t\t\t\t\t\tCourriel\t\t\t\t\t\t\t<\/label>\n\t\t\t\t\t\t\t\t\t\t\t\t\t\t<input size=\"1\" type=\"email\" name=\"form_fields[email]\" id=\"form-field-email\" class=\"elementor-field elementor-size-sm  elementor-field-textual\" placeholder=\"Courriel\" required=\"required\">\n\t\t\t\t\t\t\t\t\t\t\t<\/div>\n\t\t\t\t\t\t\t\t<div class=\"elementor-field-type-textarea elementor-field-group elementor-column elementor-field-group-message elementor-col-100\">\n\t\t\t\t\t\t\t\t\t\t\t\t<label for=\"form-field-message\" class=\"elementor-field-label\">\n\t\t\t\t\t\t\t\tMessage\t\t\t\t\t\t\t<\/label>\n\t\t\t\t\t\t<textarea class=\"elementor-field-textual elementor-field  elementor-size-sm\" name=\"form_fields[message]\" id=\"form-field-message\" rows=\"4\" placeholder=\"Message\"><\/textarea>\t\t\t\t<\/div>\n\t\t\t\t\t\t\t\t<div class=\"elementor-field-group elementor-column elementor-field-type-submit elementor-col-100 e-form__buttons\">\n\t\t\t\t\t<button class=\"elementor-button elementor-size-sm\" type=\"submit\">\n\t\t\t\t\t\t<span class=\"elementor-button-content-wrapper\">\n\t\t\t\t\t\t\t\t\t\t\t\t\t\t\t\t\t\t\t\t\t\t<span class=\"elementor-button-text\">Soumettre<\/span>\n\t\t\t\t\t\t\t\t\t\t\t\t\t<\/span>\n\t\t\t\t\t<\/button>\n\t\t\t\t<\/div>\n\t\t\t<\/div>\n\t\t<\/form>\n\t\t\t\t\t\t<\/div>\n\t\t\t\t<\/div>\n\t\t\t\t<\/div>\n\t\t\t\t<\/div>\n\t\t\t\t\t<\/div>\n\t\t\t\t<\/div>\n\t\t<div class=\"elementor-element elementor-element-47f7417 e-flex e-con-boxed e-con e-parent\" data-id=\"47f7417\" data-element_type=\"container\" data-e-type=\"container\" data-settings=\"{&quot;jet_parallax_layout_list&quot;:[]}\">\n\t\t\t\t\t<div class=\"e-con-inner\">\n\t\t\t\t<div class=\"elementor-element elementor-element-55a25fa elementor-icon-list--layout-traditional elementor-list-item-link-full_width elementor-widget elementor-widget-icon-list\" data-id=\"55a25fa\" data-element_type=\"widget\" data-e-type=\"widget\" data-widget_type=\"icon-list.default\">\n\t\t\t\t<div class=\"elementor-widget-container\">\n\t\t\t\t\t\t\t<ul class=\"elementor-icon-list-items\">\n\t\t\t\t\t\t\t<li class=\"elementor-icon-list-item\">\n\t\t\t\t\t\t\t\t\t\t\t<span class=\"elementor-icon-list-icon\">\n\t\t\t\t\t\t\t<svg xmlns=\"http:\/\/www.w3.org\/2000\/svg\" id=\"Layer_1\" height=\"512\" viewBox=\"0 0 64 64\" width=\"512\"><g><g><path d=\"m43.3 60.7h-42.3c-.5 0-1-.4-1-1s.4-1 1-1h42.3c.5 0 1 .4 1 1s-.5 1-1 1z\"><\/path><\/g><g><g><path d=\"m43.3 60.7h-36.2c-.5 0-1-.4-1-1v-25.5c0-.5.4-1 1-1s1 .4 1 1v24.5h35.2c.5 0 1 .4 1 1s-.5 1-1 1z\"><\/path><\/g><g><path d=\"m4.5 36.2c-1.2 0-2.3-.4-3.2-1.3-.8-.8-1.3-2-1.3-3.2 0-1.1.5-2.2 1.2-3.1l22.9-22.9c3.2-3.2 8.3-3.2 11.5 0l9.8 9.8c.4.4.4 1 0 1.4s-1 .4-1.4 0l-9.8-9.8c-2.4-2.4-6.3-2.4-8.7 0l-22.8 22.8c-.4.5-.7 1.2-.7 1.8 0 .5.1 1.2.7 1.8 1 1 2.7 1 3.7 0l22.8-22.8c.4-.4 1-.4 1.4 0l8.3 8.3c.4.4.4 1 0 1.4s-1 .4-1.4 0l-7.6-7.6-22.1 22.1c-.9.9-2.1 1.3-3.3 1.3z\"><\/path><\/g><g><path d=\"m32.9 60.7h-14.2c-.5 0-1-.4-1-1v-18.2c0-1.6 1.3-3 3-3h10.3c1.6 0 2.9 1.4 2.9 3v18.2c0 .5-.5 1-1 1zm-13.2-2h12.2v-17.2c0-.6-.5-1-.9-1h-10.3c-.6 0-1 .5-1 1z\"><\/path><\/g><g><path d=\"m49.5 60.6c-1.3 0-2.5-.7-3.2-1.8-3.5-5.8-11.4-19.8-11.4-25.8 0-8 6.5-14.5 14.5-14.5s14.6 6.5 14.6 14.5c0 4.2-3.8 12.8-11.2 25.8-.8 1.1-2 1.8-3.3 1.8zm-.1-40.1c-6.9 0-12.5 5.6-12.5 12.5 0 5.6 8.5 20.4 11.1 24.8.3.5.9.9 1.6.9s1.2-.3 1.6-.9c8.9-15.7 10.8-22.2 10.8-24.8 0-6.9-5.6-12.5-12.6-12.5z\"><\/path><\/g><g><path d=\"m49.5 42.3c-5.1 0-9.3-4.2-9.3-9.3s4.2-9.3 9.3-9.3 9.3 4.2 9.3 9.3-4.2 9.3-9.3 9.3zm0-16.6c-4 0-7.3 3.3-7.3 7.3s3.3 7.3 7.3 7.3 7.3-3.3 7.3-7.3-3.3-7.3-7.3-7.3z\"><\/path><\/g><g><path d=\"m21.7 51.4c-.5 0-1-.4-1-1v-1.3c0-.5.4-1 1-1s1 .4 1 1v1.3c0 .5-.5 1-1 1z\"><\/path><\/g><\/g><\/g><\/svg>\t\t\t\t\t\t<\/span>\n\t\t\t\t\t\t\t\t\t\t<span class=\"elementor-icon-list-text\">Rue des Renoncules 25, 6940 Barvaux (Durbuy)<\/span>\n\t\t\t\t\t\t\t\t\t<\/li>\n\t\t\t\t\t\t<\/ul>\n\t\t\t\t\t\t<\/div>\n\t\t\t\t<\/div>\n\t\t\t\t<div class=\"elementor-element elementor-element-9140b4f elementor-widget elementor-widget-google_maps\" data-id=\"9140b4f\" data-element_type=\"widget\" data-e-type=\"widget\" data-widget_type=\"google_maps.default\">\n\t\t\t\t<div class=\"elementor-widget-container\">\n\t\t\t\t\t\t\t<div class=\"elementor-custom-embed\">\n\t\t\t<iframe loading=\"lazy\"\n\t\t\t\t\tsrc=\"https:\/\/maps.google.com\/maps?q=Rue%20des%20Renoncules%2025%2C%206940%20Barvaux%20%28Durbuy%29&#038;t=m&#038;z=10&#038;output=embed&#038;iwloc=near\"\n\t\t\t\t\ttitle=\"Rue des Renoncules 25, 6940 Barvaux (Durbuy)\"\n\t\t\t\t\taria-label=\"Rue des Renoncules 25, 6940 Barvaux (Durbuy)\"\n\t\t\t><\/iframe>\n\t\t<\/div>\n\t\t\t\t\t\t<\/div>\n\t\t\t\t<\/div>\n\t\t\t\t\t<\/div>\n\t\t\t\t<\/div>\n\t\t\t\t<\/div>\n\t\t","protected":false},"excerpt":{"rendered":"<p>Contactez nous Contactez-nous pour les r\u00e9servations, les questions ou l&rsquo;assistance. Nous serons heureux de vous aider \u00e0 planifier votre exp\u00e9rience parfaite. Contactez nous Vous avez des questions concernant votre s\u00e9jour ? Nous nous ferons un plaisir de vous aider ! Contactez-nous par t\u00e9l\u00e9phone, par courriel ou rendez-nous visite dans nos locaux. Coordonn\u00e9es de la personne [&hellip;]<\/p>\n","protected":false},"author":2,"featured_media":0,"parent":0,"menu_order":0,"comment_status":"closed","ping_status":"closed","template":"elementor_header_footer","meta":{"footnotes":""},"class_list":["post-2789","page","type-page","status-publish","hentry"],"_links":{"self":[{"href":"https:\/\/mooselodge.be\/fr\/wp-json\/wp\/v2\/pages\/2789","targetHints":{"allow":["GET"]}}],"collection":[{"href":"https:\/\/mooselodge.be\/fr\/wp-json\/wp\/v2\/pages"}],"about":[{"href":"https:\/\/mooselodge.be\/fr\/wp-json\/wp\/v2\/types\/page"}],"author":[{"embeddable":true,"href":"https:\/\/mooselodge.be\/fr\/wp-json\/wp\/v2\/users\/2"}],"replies":[{"embeddable":true,"href":"https:\/\/mooselodge.be\/fr\/wp-json\/wp\/v2\/comments?post=2789"}],"version-history":[{"count":1,"href":"https:\/\/mooselodge.be\/fr\/wp-json\/wp\/v2\/pages\/2789\/revisions"}],"predecessor-version":[{"id":2791,"href":"https:\/\/mooselodge.be\/fr\/wp-json\/wp\/v2\/pages\/2789\/revisions\/2791"}],"wp:attachment":[{"href":"https:\/\/mooselodge.be\/fr\/wp-json\/wp\/v2\/media?parent=2789"}],"curies":[{"name":"wp","href":"https:\/\/api.w.org\/{rel}","templated":true}]}}