{"id":2809,"date":"2025-04-03T17:59:25","date_gmt":"2025-04-03T17:59:25","guid":{"rendered":"https:\/\/mooselodge.be\/conditions-generales-dutilisation\/"},"modified":"2025-05-20T16:35:56","modified_gmt":"2025-05-20T16:35:56","slug":"conditions-generales-dutilisation","status":"publish","type":"page","link":"https:\/\/mooselodge.be\/fr\/conditions-generales-dutilisation\/","title":{"rendered":"Conditions g\u00e9n\u00e9rales d&rsquo;utilisation"},"content":{"rendered":"\t\t<div data-elementor-type=\"wp-page\" data-elementor-id=\"2809\" class=\"elementor elementor-2809 elementor-628\" data-elementor-post-type=\"page\">\n\t\t\t\t<div class=\"elementor-element elementor-element-78b4cc28 e-flex e-con-boxed e-con e-parent\" data-id=\"78b4cc28\" data-element_type=\"container\" data-e-type=\"container\" data-settings=\"{&quot;jet_parallax_layout_list&quot;:[]}\">\n\t\t\t\t\t<div class=\"e-con-inner\">\n\t\t\t\t<div class=\"elementor-element elementor-element-6a51fa00 elementor-widget elementor-widget-text-editor\" data-id=\"6a51fa00\" data-element_type=\"widget\" data-e-type=\"widget\" data-widget_type=\"text-editor.default\">\n\t\t\t\t<div class=\"elementor-widget-container\">\n\t\t\t\t\t\t\t\t\t\n<p>Conditions de location applicables \u00e0 partir du 01-04-2025<\/p>\n\n<p>Donn\u00e9es d&rsquo;identification :<\/p>\n\n<p>Moose Lodge est d\u00e9tenu par la soci\u00e9t\u00e9 en commandite FM Partners, dont le num\u00e9ro d&rsquo;entreprise est 0824.572.452 et le si\u00e8ge social 3621 Lanaken, Groenplaats 14\/4, inscrite \u00e0 la Banque-Carrefour des Entreprises.<\/p>\n\n<p>Coordonn\u00e9es : par t\u00e9l\u00e9phone au 0479-300853, par courrier \u00e9lectronique \u00e0 l&rsquo;<a href=\"mailto:info@mooselodge.be\">adresse info@mooselodge.be<\/a> ou <a href=\"mailto:info@fmpartners.be\">info@fmpartners.be<\/a> ou par le biais du formulaire de contact \u00e0 l&rsquo;adresse <a href=\"http:\/\/www.mooselodge.be\">www.mooselodge.be<\/a>.<\/p>\n\n<p>Num\u00e9ro de compte bancaire de FM Partners CommV : BE97.1430.9271.7149 BIC-GEBABEBB<\/p>\n\n<p>Vous \u00eates les bienvenus dans notre maison de vacances soigneusement meubl\u00e9e. Cependant, il est n\u00e9cessaire d&rsquo;avoir des accords clairs afin qu&rsquo;il n&rsquo;y ait pas de malentendus et que vous et vos successeurs trouviez la maison dans un \u00e9tat impeccable.   <\/p>\n\n<p>Lorsque vous effectuez une r\u00e9servation directement aupr\u00e8s de nous, les propri\u00e9taires, ou par l&rsquo;interm\u00e9diaire d&rsquo;une agence ou d&rsquo;un site de location, vous acceptez les conditions de location ci-dessous. Veuillez les lire attentivement. Si quelque chose n&rsquo;est pas clair ou si vous avez des questions, n&rsquo;h\u00e9sitez pas \u00e0 nous contacter.  <\/p>\n\n<p><strong>D\u00e9finitions<\/strong>:<\/p>\n\n<ul class=\"wp-block-list\">\n<li>Locataire : le client qui loue un logement de vacances.<\/li>\n\n<li>Propri\u00e9taire : le propri\u00e9taire du logement de vacances lou\u00e9.<\/li>\n\n<li>Date d&rsquo;arriv\u00e9e : la date de d\u00e9but du s\u00e9jour dans le Logement, telle que convenue entre le Propri\u00e9taire et le Locataire pour la r\u00e9servation concern\u00e9e.<\/li>\n\n<li>H\u00e9bergement : maison de vacances Moose Lodge, Rue des Renoncules 25, 6940 Barvaux<\/li>\n<\/ul>\n\n<p>Une d\u00e9rogation aux pr\u00e9sentes conditions g\u00e9n\u00e9rales n&rsquo;est possible que si le bailleur y a consenti au pr\u00e9alable et par \u00e9crit. Dans ce cas, les pr\u00e9sentes conditions g\u00e9n\u00e9rales restent n\u00e9anmoins d&rsquo;application \u00e0 titre compl\u00e9mentaire. Le locataire ne peut donc en aucun cas pr\u00e9tendre \u00e0 l&rsquo;application de ses propres conditions, le cas \u00e9ch\u00e9ant, quelles qu&rsquo;elles soient.  <\/p>\n\n<p>Les pr\u00e9sentes conditions de location sont soumises au droit belge. Tous les litiges qui pourraient d\u00e9couler de cet accord rel\u00e8vent de la comp\u00e9tence exclusive des tribunaux belges. <\/p>\n\n<p><strong>Conditions de paiement :<\/strong><\/p>\n\n<p>Chaque r\u00e9servation est demand\u00e9e par le biais du syst\u00e8me de paiement mollie via le site web. Il est possible qu&rsquo;en raison des circonstances, la r\u00e9servation soit annul\u00e9e par le propri\u00e9taire, ce qui sera indiqu\u00e9 dans les 24 heures et le montant pay\u00e9 sera imm\u00e9diatement rembours\u00e9 au locataire. <\/p>\n\n<p>Pour les r\u00e9servations effectu\u00e9es plus d&rsquo;un mois avant la date d&rsquo;arriv\u00e9e, un acompte de 30 % est exig\u00e9, le solde devant \u00eatre pay\u00e9 en totalit\u00e9 au plus tard 21 jours avant l&rsquo;arriv\u00e9e.<\/p>\n\n<p>Pour les r\u00e9servations effectu\u00e9es moins d&rsquo;un mois avant la date d&rsquo;arriv\u00e9e, le montant total de la location plus l&rsquo;acompte seront factur\u00e9s imm\u00e9diatement.<\/p>\n\n<p>Si le propri\u00e9taire n&rsquo;a pas re\u00e7u ce montant 21 jours \u00e0 l&rsquo;avance, il se r\u00e9serve le droit d&rsquo;annuler la r\u00e9servation pour non-paiement dans les d\u00e9lais. Ceci sans que le locataire puisse r\u00e9clamer le remboursement de l&rsquo;acompte vers\u00e9 ou sans qu&rsquo;il puisse pr\u00e9tendre \u00e0 une quelconque indemnit\u00e9. <\/p>\n\n<p><strong>Annuler :<\/strong><\/p>\n\n<p>L&rsquo;annulation est possible \u00e0 l&rsquo;exception des vacances d&rsquo;\u00e9t\u00e9 (voir ci-dessous) sous r\u00e9serve des conditions suivantes :<\/p>\n\n<p>  &#8211; jusqu&rsquo;\u00e0 2 mois avant la date de d\u00e9but de la location = gratuit (hors frais de dossier, voir ci-dessous)<\/p>\n\n<p>  &#8211; jusqu&rsquo;\u00e0 1 mois avant la date de d\u00e9but = l&rsquo;acompte de 30% vers\u00e9<\/p>\n\n<p>  &#8211; 1 mois \u00e0 14 jours avant la date de d\u00e9but = frais d&rsquo;annulation 50% du loyer plus les frais de dossier<\/p>\n\n<p>  &#8211; 14 jours avant le d\u00e9but de la p\u00e9riode de location = frais d&rsquo;annulation : prix total de la location plus frais de dossier<\/p>\n\n<p><\/p>\n\n<p>  vacances d&rsquo;\u00e9t\u00e9 : (toujours avec frais de dossier)<\/p>\n\n<p>  &#8211; annulation avant le 1er avril = frais d&rsquo;annulation 10% du montant total de la location  <\/p>\n\n<p>  &#8211; annulation entre le 1er avril et le 1er juin = frais d&rsquo;annulation 50% du loyer<\/p>\n\n<p>  &#8211; annulation apr\u00e8s le 1er juin = frais d&rsquo;annulation 75% du loyer (montant sur le contrat) ou<\/p>\n\n<p>  &#8211; 31 jours avant le d\u00e9but de la p\u00e9riode de location = la totalit\u00e9 de la location et les frais d&rsquo;annulation.<\/p>\n\n<p><\/p>\n\n<p>Afin d&rsquo;\u00e9viter les achats de r\u00e9servations, nous facturons toujours des frais de gestion de 55\u20ac (week-end, midweek), 75\u20ac (location \u00e0 la semaine) pour chaque annulation (apr\u00e8s r\u00e9ception du montant de la r\u00e9servation), 75\u20ac par semaine pour les p\u00e9riodes de location plus longues.<\/p>\n\n<p>Si le locataire n&rsquo;utilise pas le logement de vacances ou le quitte avant la fin de la p\u00e9riode de location, aucun d\u00e9dommagement n&rsquo;aura lieu et le locataire restera redevable de 100 % du prix total du s\u00e9jour.<\/p>\n\n<p>Nous recommandons aux locataires de souscrire une assurance annulation.<\/p>\n\n<p><strong>Garantie :<\/strong><\/p>\n\n<p>Une caution de 500 euros est demand\u00e9e.<\/p>\n\n<p>La caution sera rembours\u00e9e dans la semaine suivant le s\u00e9jour si aucun dommage n&rsquo;a \u00e9t\u00e9 constat\u00e9, moins ce que le locataire doit encore au propri\u00e9taire. Il s&rsquo;agit par exemple des frais de boissons (si vous le souhaitez) et de l&rsquo;achat de produits d&rsquo;entretien (si vous le souhaitez). <\/p>\n\n<p>La maison de vacances vous accueillera dans un \u00e9tat impeccable. Les dommages ou probl\u00e8mes doivent nous \u00eatre communiqu\u00e9s avant 24h le jour de l&rsquo;arriv\u00e9e (selon contrat). <\/p>\n\n<p>Avez-vous fait des d\u00e9g\u00e2ts, des taches, des verres cass\u00e9s, des armoires cass\u00e9es, &#8230;.dan doit nous \u00eatre communiqu\u00e9 pendant votre p\u00e9riode de location. Nous effectuerons des contr\u00f4les apr\u00e8s votre p\u00e9riode de location. Si nous d\u00e9couvrons des d\u00e9g\u00e2ts (par exemple des taches, des fissures, de la casse&#8230;), vous en serez inform\u00e9 dans les 24 heures suivant votre p\u00e9riode de location, soit par t\u00e9l\u00e9phone, soit par d&rsquo;autres moyens de communication. Si les frais d\u00e9passent la caution, ils seront r\u00e9cup\u00e9r\u00e9s aupr\u00e8s du locataire et l&rsquo;assurance familiale pourra \u00eatre utilis\u00e9e. En cas de dommages tels que la location suivante ne peut avoir lieu (p. ex. canap\u00e9 cass\u00e9, lit cass\u00e9, cuisini\u00e8re cass\u00e9e, table cass\u00e9e&#8230;.), l&rsquo;annulation de la location suivante sera \u00e9galement factur\u00e9e, ainsi que les frais de remise en \u00e9tat de la maison de vacances. Vous en serez inform\u00e9 par lettre recommand\u00e9e.<\/p>\n\n<p>Nous recommandons \u00e0 nos locataires de souscrire une assurance de protection de la garantie locative afin de rembourser les frais de r\u00e9paration en cas de dommages. Contactez votre propre assureur pour savoir si cela est possible <\/p>\n\n<p>via Easy Rent d&rsquo;Europ Assistance.<\/p>\n\n<p><strong>Obligations :<\/strong><\/p>\n\n<p>Obligations du propri\u00e9taire :<\/p>\n\n<p>Le propri\u00e9taire est tenu de fournir le logement tel qu&rsquo;indiqu\u00e9 dans la description du logement de vacances. Le propri\u00e9taire garantit que la propri\u00e9t\u00e9 correspond \u00e0 la description sur le site web et qu&rsquo;elle convient au nombre maximum de personnes indiqu\u00e9. <\/p>\n\n<p>Le bailleur garantit \u00e9galement le bon \u00e9tat d&rsquo;entretien, de propret\u00e9 et de fonctionnement, ainsi que la conformit\u00e9 du bien, de son contenu et de ses d\u00e9pendances, notamment les jardins, le mobilier ext\u00e9rieur, le sauna.<\/p>\n\n<p>Obligations du locataire :<\/p>\n\n<p>Le locataire est tenu d&rsquo;utiliser le logement de vacances avec soin, en bon p\u00e8re de famille, conform\u00e9ment \u00e0 sa destination (loisirs).<\/p>\n\n<p>Tout soup\u00e7on d&rsquo;abus, de sous-location ou de non-respect du r\u00e8glement int\u00e9rieur (consultable dans la maison) entra\u00eene la r\u00e9siliation imm\u00e9diate du contrat et nous conservons le droit de percevoir la caution pour compenser les frais encourus.<\/p>\n\n<p>Le locataire est tenu de rendre le logement \u00e0 temps (comme convenu dans le contrat) et dans le m\u00eame \u00e9tat qu&rsquo;au d\u00e9but de la p\u00e9riode de location.<\/p>\n\n<p><strong>Composition du groupe et capacit\u00e9 maximale :<\/strong><\/p>\n\n<p>La maison de vacances est principalement destin\u00e9e \u00e0 accueillir des familles et des groupes d&rsquo;amis avec un maximum de 8 personnes.<\/p>\n\n<p>La maison de vacances est situ\u00e9e dans une zone naturelle calme et ne convient donc pas aux groupes qui veulent faire la f\u00eate bruyamment. Il est interdit de faire du bruit sur la terrasse apr\u00e8s 22 heures. <\/p>\n\n<p>Aucun groupe souhaitant organiser des enterrements de vie de gar\u00e7on, des f\u00eates d&rsquo;\u00e9tudiants, des soir\u00e9es alcoolis\u00e9es, des soir\u00e9es sexuelles,&#8230; ne sera accept\u00e9.<\/p>\n\n<p>La composition du groupe d&rsquo;invit\u00e9s est indiqu\u00e9e par le locataire dans le formulaire de r\u00e9servation et confirm\u00e9e par le propri\u00e9taire dans la confirmation de r\u00e9servation. Le locataire est responsable \u00e0 tout moment <\/p>\n\n<p>pour la composition du groupe.<\/p>\n\n<p>Si des r\u00e9ductions ont \u00e9t\u00e9 accord\u00e9es pour des s\u00e9jours de 1 \u00e0 2 personnes ou de 3 \u00e0 4 personnes, les autres chambres et salles de bains seront ferm\u00e9es. Les r\u00e9ductions accord\u00e9es expireront si le nombre de personnes s\u00e9journant dans l&rsquo;\u00e9tablissement est sup\u00e9rieur \u00e0 celui qui a \u00e9t\u00e9 convenu. <\/p>\n\n<p>Pour des raisons de s\u00e9curit\u00e9 incendie et d&rsquo;assurance incendie, le nombre de vacanciers ne doit jamais d\u00e9passer la capacit\u00e9 maximale. Si la capacit\u00e9 maximale est d\u00e9pass\u00e9e, le contrat de location sera consid\u00e9r\u00e9 comme l\u00e9galement r\u00e9sili\u00e9 et l&rsquo;acc\u00e8s \u00e0 la maison de vacances vous sera refus\u00e9 ou il pourra vous \u00eatre demand\u00e9 de quitter la maison de vacances, sans aucun droit \u00e0 un remboursement ou \u00e0 une indemnisation. <\/p>\n\n<p><strong>Animaux de compagnie<\/strong>:<\/p>\n\n<p>Deux animaux domestiques sont accept\u00e9s dans la maison de vacances. Il est possible de d\u00e9roger \u00e0 cette r\u00e8gle apr\u00e8s consultation et approbation par e-mail du propri\u00e9taire. Si le propri\u00e9taire constate qu&rsquo;il y a plus d&rsquo;animaux que pr\u00e9vu, 50 euros seront d\u00e9duits de la caution par animal suppl\u00e9mentaire.  <\/p>\n\n<p>Le propri\u00e9taire accepte volontiers les animaux de compagnie, mais re\u00e7oit toujours des clients qui n&rsquo;en ont pas. Les propri\u00e9taires de chiens sont donc pri\u00e9s de respecter certaines r\u00e8gles. Nous demandons que les animaux soient trait\u00e9s contre les puces et les tiques.  <\/p>\n\n<p>Le locataire fournit son propre mat\u00e9riel de couchage et d&rsquo;alimentation. 1 gamelle et 1 abreuvoir sont fournis. <\/p>\n\n<p>Veuillez laisser votre animal se s\u00e9cher ou s&rsquo;essuyer, apr\u00e8s une promenade, avant d&rsquo;entrer dans la maison de vacances. La douche pour chien est une grande valeur ajout\u00e9e. <\/p>\n\n<p>Les h\u00f4tes ne laissent pas l&rsquo;animal seul dans la maison de vacances, sauf dans le garage et si vous \u00eates s\u00fbr que le chien n&rsquo;aura pas peur et\/ou n&rsquo;aboiera pas bruyamment \u00e0 ce moment-l\u00e0. Faites basculer la fen\u00eatre actuelle pour faire entrer de l&rsquo;air frais. <\/p>\n\n<p>Il s&rsquo;agit d&rsquo;\u00e9viter que l&rsquo;animal abandonn\u00e9 ne soit pris de peur dans un environnement qui lui est \u00e9tranger, avec la possibilit\u00e9 d&rsquo;endommager son int\u00e9rieur.  <\/p>\n\n<p>Les animaux ne sont pas admis sur les si\u00e8ges (en cas d&rsquo;urgence et sous surveillance, oui, mais le si\u00e8ge doit \u00eatre bien couvert avec les couvertures que vous avez apport\u00e9es). Les chiens sont ABSOLUMENT interdits dans les chambres pour des raisons d&rsquo;hygi\u00e8ne. <\/p>\n\n<p>Nous vous demandons d&rsquo;\u00e9viter que votre chien ne fasse ses besoins sur la terrasse, faites des promenades r\u00e9guli\u00e8res avec lui pour \u00e9viter cela. Comme vous en avez l&rsquo;habitude, veuillez ramasser les crottes de votre chien pendant votre promenade ou dans la for\u00eat \u00e0 l&rsquo;arri\u00e8re dans un sac \u00e0 crottes. Vous pouvez d\u00e9poser les sacs \u00e0 crottes dans la partie verte de la poubelle duo. ATTENTION : seuls les sacs \u00e0 d\u00e9jections biod\u00e9gradables verts sont autoris\u00e9s dans la poubelle verte ! Si les propri\u00e9taires constatent que les d\u00e9jections canines n&rsquo;ont pas \u00e9t\u00e9 nettoy\u00e9es, une somme forfaitaire de 50 euros sera factur\u00e9e.    <\/p>\n\n<p>Si les animaux domestiques causent des dommages \u00e0 la maison ou au jardin, ceux-ci seront d\u00e9duits de la caution. Le cas \u00e9ch\u00e9ant, v\u00e9rifiez si votre assurance familiale intervient pour les dommages caus\u00e9s par votre animal. <\/p>\n\n<p>Les propri\u00e9taires ne sont pas responsables des maladies ou des blessures subies par les animaux pendant leur s\u00e9jour.<\/p>\n\n<p><strong>Arriv\u00e9e<\/strong>:<\/p>\n\n<p>L&rsquo;arriv\u00e9e se fait selon les horaires indiqu\u00e9s sur le site web. En concertation avec le propri\u00e9taire, il est possible de d\u00e9roger \u00e0 ces horaires. <\/p>\n\n<p>Les heures de d\u00e9part des locataires doivent \u00eatre celles des heures d&rsquo;arriv\u00e9e habituelles, ce qui ne pose pas de probl\u00e8me s&rsquo;il n&rsquo;y a pas eu de d\u00e9part de locataires le m\u00eame jour.<\/p>\n\n<p>Vous pouvez entrer dans la maison par une serrure \u00e9lectronique qui peut \u00eatre contr\u00f4l\u00e9e avec votre smartphone. Les codes vous seront communiqu\u00e9s par e-mail quelques jours avant votre arriv\u00e9e. \u00c0 l&rsquo;int\u00e9rieur, deux jeux de cl\u00e9s suppl\u00e9mentaires sont disponibles (\u00e9galement pour la porte du garage, qui peut toutefois \u00eatre actionn\u00e9e avec la t\u00e9l\u00e9commande pr\u00e9sente).  <\/p>\n\n<p>  ! !!! La maison est s\u00e9curis\u00e9e par des cam\u00e9ras. Il y a une cam\u00e9ra dans la sonnette de la porte d&rsquo;entr\u00e9e et elle reste allum\u00e9e en permanence, soyez-en conscient.   <\/p>\n\n<p>Il y a une<sup>deuxi\u00e8me<\/sup> cam\u00e9ra \u00e0 l&rsquo;arri\u00e8re qui donne sur la terrasse et le jardin. Cette cam\u00e9ra est <strong>\u00e9teinte<\/strong> \u00e0 votre arriv\u00e9e : vous pouvez le v\u00e9rifier en constatant que la lumi\u00e8re bleue de la cam\u00e9ra ne s&rsquo;allumera PAS lorsque vous serez en vue, et que la lampe de la cam\u00e9ra ne s&rsquo;allumera pas non plus. <\/p>\n\n<p>La<sup>troisi\u00e8me<\/sup> cam\u00e9ra se trouve \u00e0 l&rsquo;int\u00e9rieur, \u00e0 c\u00f4t\u00e9 de la radio. Vous pouvez faire glisser le couvercle de la cam\u00e9ra vous-m\u00eame, ou la d\u00e9brancher.<\/p>\n\n<p>Il y a un parking pour 2 voitures devant la maison. Veuillez noter qu&rsquo;il y a une borne de recharge pour voiture \u00e9lectrique \u00e0 gauche de la maison. Vous devez laisser cette place libre, car cette borne de recharge est publique. Bien entendu, vous pouvez \u00e9galement charger votre propre voiture, de pr\u00e9f\u00e9rence la nuit, afin de ne pas payer de suppl\u00e9ment apr\u00e8s 5 heures. Donnez-nous votre num\u00e9ro de carte par e-mail et nous activerons votre place de parking la nuit et vous accorderons une r\u00e9duction de 10 % sur le prix public de la recharge. Il y a \u00e9galement des places de parking en face de la maison, dans une rue par ailleurs tr\u00e8s calme.    <\/p>\n\n<p>Lisez attentivement les manuels de tous les \u00e9quipements. Il y a des pr\u00e9sentoirs partout, et les manuels les plus complets se trouvent dans la petite commode du salon. Vous minimiserez ainsi le risque d&rsquo;endommager le mat\u00e9riel.  <\/p>\n\n<p>D\u00e9part<\/p>\n\n<p>Voir les heures de d\u00e9part sur le site web, elles peuvent \u00eatre modifi\u00e9es apr\u00e8s accord.<\/p>\n\n<p>Une liste de contr\u00f4le compl\u00e8te peut \u00eatre trouv\u00e9e dans la maison \u00e0 la sortie, cochez-la lorsque vous partez afin de ne rien oublier et d&rsquo;\u00e9viter ainsi des dommages (en cas de cambriolage) ou d&rsquo;autres urgences et donc des co\u00fbts.<\/p>\n\n<p>Certains dommages ne peuvent \u00eatre constat\u00e9s que lors du nettoyage final approfondi. Le bailleur se r\u00e9serve le droit de proc\u00e9der \u00e0 un dernier \u00e9tat des lieux apr\u00e8s ce nettoyage final. <\/p>\n\n<p>La maison de vacances est enti\u00e8rement nettoy\u00e9e avant d&rsquo;\u00eatre utilis\u00e9e, notamment \u00e0 l&rsquo;aide d&rsquo;une machine \u00e0 vapeur haut de gamme (Eco Diamond), ce qui permet de nettoyer les lits de mani\u00e8re hygi\u00e9nique. Lorsque vous quittez la maison, celle-ci doit \u00eatre laiss\u00e9e en ordre. Vous \u00eates cens\u00e9 laisser la maison dans un \u00e9tat de propret\u00e9 normal. <\/p>\n\n<p>&#8211; Balayer les pi\u00e8ces<\/p>\n\n<p>&#8211; Mettez le lave-vaisselle en marche.  <\/p>\n\n<p>&#8211; Nettoyage du barbecue et des grilles apr\u00e8s utilisation<\/p>\n\n<p>&#8211; Vider, nettoyer et ranger les appareils m\u00e9nagers (r\u00e9frig\u00e9rateurs, four, micro-ondes, plaques de cuisson, petit \u00e9lectro-m\u00e9nager, etc.<\/p>\n\n<p>&#8211; Tri des d\u00e9chets tel que d\u00e9crit dans la section sur l&rsquo;\u00e9limination des d\u00e9chets<\/p>\n\n<p>&#8211; Poubelles propres<\/p>\n\n<p>&#8211; Retirez les draps des lits et d\u00e9posez-les dans les paniers \u00e0 linge ou sur le sol dans le garde-manger. Ne jetez pas les serviettes mouill\u00e9es en tas ! <\/p>\n\n<p>&#8211; Laisser les toilettes d\u00e9centes<\/p>\n\n<p>&#8211; Fermez les fen\u00eatres et les portes<\/p>\n\n<p>&#8211; \u00c9teignez toutes les lumi\u00e8res<\/p>\n\n<p>Si la propri\u00e9t\u00e9 et\/ou le jardin sont laiss\u00e9s dans un \u00e9tat de propret\u00e9 anormal au moment du d\u00e9part, le propri\u00e9taire est en droit de facturer des heures de nettoyage suppl\u00e9mentaires \u00e0 40,00 \u20ac par heure.<\/p>\n\n<p><strong>\u00c9limination des d\u00e9chets<\/strong>:<\/p>\n\n<p>Le locataire s&rsquo;engage \u00e0 trier correctement ses d\u00e9chets selon la proc\u00e9dure d\u00e9crite. La municipalit\u00e9 de DURBUY a des r\u00e8gles strictes en mati\u00e8re de tri des d\u00e9chets et pr\u00e9voit des amendes \u00e9lev\u00e9es si les d\u00e9chets ne sont pas tri\u00e9s correctement. <\/p>\n\n<p>Le propri\u00e9taire fournit en standard des sacs poubelles dans chaque poubelle.  <\/p>\n\n<p>Au moment du d\u00e9part, prenez les sacs \u00e0 ordures des poubelles situ\u00e9es \u00e0 l&rsquo;int\u00e9rieur et d\u00e9posez-les dans la partie grise du conteneur \u00e0 deux poubelles.<\/p>\n\n<p>D\u00e9chets r\u00e9siduels et d\u00e9chets organiques (l\u00e9gumes, fruits et d\u00e9chets de jardin)<\/p>\n\n<p>Poubelle\/conteneur DUO : placez tous les d\u00e9chets correctement dans la poubelle\/conteneur DUO.<\/p>\n\n<p>&#8211; D\u00e9chets de l\u00e9gumes, de fruits et de jardin (GFT) dans la partie VERTE du conteneur<\/p>\n\n<p>&#8211; D\u00e9chets r\u00e9siduels : dans des sacs en plastique dans la partie grise du conteneur.<\/p>\n\n<p>&#8211; La collecte a lieu le MARDI : veuillez placer le conteneur DUO dans la rue. Apr\u00e8s la collecte, veuillez remettre le conteneur DUO \u00e0 l&rsquo;endroit pr\u00e9vu \u00e0 cet effet sur la propri\u00e9t\u00e9. <\/p>\n\n<p>Dans le garde-manger, il y a des poubelles pour le papier, le verre et les PMT, merci de les trier.<\/p>\n\n<p>Permis Durbuy\/Tourisme Wallonie<\/p>\n\n<p>Moose Lodge est agr\u00e9\u00e9 par la ville de Durbuy et enregistr\u00e9\/reconnu aupr\u00e8s de Tourisme Wallonie.<\/p>\n\n<p>sous le num\u00e9ro CGT  <\/p>\n\n<p>Cela signifie que nous devons r\u00e9pondre \u00e0 certaines exigences de qualit\u00e9 impos\u00e9es par le Code Wallon du Tourisme.<\/p>\n\t\t\t\t\t\t\t\t<\/div>\n\t\t\t\t<\/div>\n\t\t\t\t\t<\/div>\n\t\t\t\t<\/div>\n\t\t\t\t<\/div>\n\t\t","protected":false},"excerpt":{"rendered":"<p>Conditions de location applicables \u00e0 partir du 01-04-2025 Donn\u00e9es d&rsquo;identification : Moose Lodge est d\u00e9tenu par la soci\u00e9t\u00e9 en commandite FM Partners, dont le num\u00e9ro d&rsquo;entreprise est 0824.572.452 et le si\u00e8ge social 3621 Lanaken, Groenplaats 14\/4, inscrite \u00e0 la Banque-Carrefour des Entreprises. Coordonn\u00e9es : par t\u00e9l\u00e9phone au 0479-300853, par courrier \u00e9lectronique \u00e0 l&rsquo;adresse info@mooselodge.be ou [&hellip;]<\/p>\n","protected":false},"author":2,"featured_media":0,"parent":0,"menu_order":0,"comment_status":"closed","ping_status":"closed","template":"","meta":{"footnotes":""},"class_list":["post-2809","page","type-page","status-publish","hentry"],"_links":{"self":[{"href":"https:\/\/mooselodge.be\/fr\/wp-json\/wp\/v2\/pages\/2809","targetHints":{"allow":["GET"]}}],"collection":[{"href":"https:\/\/mooselodge.be\/fr\/wp-json\/wp\/v2\/pages"}],"about":[{"href":"https:\/\/mooselodge.be\/fr\/wp-json\/wp\/v2\/types\/page"}],"author":[{"embeddable":true,"href":"https:\/\/mooselodge.be\/fr\/wp-json\/wp\/v2\/users\/2"}],"replies":[{"embeddable":true,"href":"https:\/\/mooselodge.be\/fr\/wp-json\/wp\/v2\/comments?post=2809"}],"version-history":[{"count":5,"href":"https:\/\/mooselodge.be\/fr\/wp-json\/wp\/v2\/pages\/2809\/revisions"}],"predecessor-version":[{"id":2820,"href":"https:\/\/mooselodge.be\/fr\/wp-json\/wp\/v2\/pages\/2809\/revisions\/2820"}],"wp:attachment":[{"href":"https:\/\/mooselodge.be\/fr\/wp-json\/wp\/v2\/media?parent=2809"}],"curies":[{"name":"wp","href":"https:\/\/api.w.org\/{rel}","templated":true}]}}